{"id":6,"date":"2013-04-25T01:55:29","date_gmt":"2013-04-25T06:55:29","guid":{"rendered":"https:\/\/www.911restorationnorthwestindiana.com\/?page_id=6"},"modified":"2022-11-23T02:38:00","modified_gmt":"2022-11-23T10:38:00","slug":"insurance","status":"publish","type":"page","link":"https:\/\/www.911restorationnorthwestindiana.com\/es\/insurance\/","title":{"rendered":"Seguro"},"content":{"rendered":"<p><strong>Lo que necesita saber sobre las reclamaciones de seguros<\/strong><\/p>\n<p class=\"translation-block\">Presentar un reclamo de seguro que las compa\u00f1\u00edas acepten requiere que los propietarios tomen algunas medidas simples antes del accidente. La documentaci\u00f3n es clave para demostrar el <strong>peligro<\/strong> y que usted tiene derecho a una cobertura por la que paga una prima mensual. Por lo tanto, tome fotograf\u00edas y fotograf\u00edas de su hogar antes de un accidente para proporcionar pruebas espec\u00edficas de que los da\u00f1os est\u00e1n cubiertos por la p\u00f3liza. No s\u00f3lo eso, sino que se requiere cada peque\u00f1o detalle para evitar que las compa\u00f1\u00edas de seguros rechacen reclamaciones.<\/p>\n<p>Adem\u00e1s, haga una lista de inventario de objetos de valor y cree un registro de los trabajos de mantenimiento realizados en la casa guardando los recibos. Todo, hasta el n\u00famero de serie de los electrodom\u00e9sticos de la casa, debe cargarse en l\u00ednea, para que, en caso de accidente, sus registros est\u00e9n seguros.<\/p>\n<p><strong>La restauraci\u00f3n del 911 trabaja duro para la cliente<\/strong><\/p>\n<p class=\"translation-block\">Parte de brindar tranquilidad a las personas es asegurarnos de que nosotros nos encarguemos de todo el trabajo duro. Vamos m\u00e1s all\u00e1 de la restauraci\u00f3n y hablaremos con las compa\u00f1\u00edas de seguros por usted. Es lo que hay que hacer para ofrecerle un <strong>nuevo comienzo asequible<\/strong>.<\/p>\n<p>Nuestro personal capacitado est\u00e1 versado en los matices de las p\u00f3lizas de seguro, por lo que sabemos exactamente c\u00f3mo hablar de ellas para maximizar lo que usted tiene derecho. La forma en que lo logramos es agregando documentos complementarios a los que usted pueda proporcionar. Sabemos c\u00f3mo evaluar el verdadero alcance de los da\u00f1os y sus causas. Lo respaldamos con fotos y v\u00eddeos. Cada dimensi\u00f3n de cualquier material que restauramos y reemplazamos est\u00e1 ampliamente documentada.<\/p>\n<p>Brindarle estabilidad y comodidad es lo que mejor hacemos, as\u00ed que llame al 911 Restoration hoy.<\/p>","protected":false},"excerpt":{"rendered":"<p>What You Need To Know About Insurance Claims Filing an insurance claim that companies will accept requires that homeowners take some simple steps before the accident. Documentation is key to proving peril, and that you are entitled to coverage you pay a monthly premium for. Therefore, take photos and pictures of your home before an [&hellip;]<\/p>\n","protected":false},"author":2,"featured_media":3228,"parent":0,"menu_order":0,"comment_status":"closed","ping_status":"open","template":"page-insurance.php","meta":{"_acf_changed":false,"footnotes":""},"class_list":["post-6","page","type-page","status-publish","has-post-thumbnail","hentry"],"acf":[],"yoast_head":"<!-- This site is optimized with the Yoast SEO plugin v27.5 - https:\/\/yoast.com\/product\/yoast-seo-wordpress\/ -->\n<title>Insurance - Northwest Indiana<\/title>\n<meta name=\"robots\" content=\"index, follow, max-snippet:-1, max-image-preview:large, max-video-preview:-1\" \/>\n<link rel=\"canonical\" href=\"https:\/\/www.911restorationnorthwestindiana.com\/es\/insurance\/\" \/>\n<meta name=\"twitter:label1\" content=\"Tiempo de lectura\" \/>\n\t<meta name=\"twitter:data1\" content=\"2 minutos\" \/>\n<!-- \/ Yoast SEO plugin. -->","yoast_head_json":{"title":"Insurance - Northwest Indiana","robots":{"index":"index","follow":"follow","max-snippet":"max-snippet:-1","max-image-preview":"max-image-preview:large","max-video-preview":"max-video-preview:-1"},"canonical":"https:\/\/www.911restorationnorthwestindiana.com\/es\/insurance\/","twitter_misc":{"Tiempo de lectura":"2 minutos"},"schema":{"@context":"https:\/\/schema.org","@graph":[{"@type":"WebPage","@id":"https:\/\/www.911restorationnorthwestindiana.com\/insurance\/","url":"https:\/\/www.911restorationnorthwestindiana.com\/insurance\/","name":"Insurance - Northwest Indiana","isPartOf":{"@id":"https:\/\/www.911restorationnorthwestindiana.com\/#website"},"primaryImageOfPage":{"@id":"https:\/\/www.911restorationnorthwestindiana.com\/insurance\/#primaryimage"},"image":{"@id":"https:\/\/www.911restorationnorthwestindiana.com\/insurance\/#primaryimage"},"thumbnailUrl":"https:\/\/www.911restorationnorthwestindiana.com\/wp-content\/uploads\/2020\/02\/restoration-crew-banner.jpg","datePublished":"2013-04-25T06:55:29+00:00","dateModified":"2022-11-23T10:38:00+00:00","breadcrumb":{"@id":"https:\/\/www.911restorationnorthwestindiana.com\/insurance\/#breadcrumb"},"inLanguage":"es","potentialAction":[{"@type":"ReadAction","target":["https:\/\/www.911restorationnorthwestindiana.com\/insurance\/"]}]},{"@type":"ImageObject","inLanguage":"es","@id":"https:\/\/www.911restorationnorthwestindiana.com\/insurance\/#primaryimage","url":"https:\/\/www.911restorationnorthwestindiana.com\/wp-content\/uploads\/2020\/02\/restoration-crew-banner.jpg","contentUrl":"https:\/\/www.911restorationnorthwestindiana.com\/wp-content\/uploads\/2020\/02\/restoration-crew-banner.jpg","width":1200,"height":400,"caption":"water restoration tech"},{"@type":"BreadcrumbList","@id":"https:\/\/www.911restorationnorthwestindiana.com\/insurance\/#breadcrumb","itemListElement":[{"@type":"ListItem","position":1,"name":"Home","item":"https:\/\/www.911restorationnorthwestindiana.com\/"},{"@type":"ListItem","position":2,"name":"Insurance"}]},{"@type":"WebSite","@id":"https:\/\/www.911restorationnorthwestindiana.com\/#website","url":"https:\/\/www.911restorationnorthwestindiana.com\/","name":"Noroeste de Indiana","description":"(219) 255-4163","potentialAction":[{"@type":"SearchAction","target":{"@type":"EntryPoint","urlTemplate":"https:\/\/www.911restorationnorthwestindiana.com\/?s={search_term_string}"},"query-input":{"@type":"PropertyValueSpecification","valueRequired":true,"valueName":"search_term_string"}}],"inLanguage":"es"}]}},"_links":{"self":[{"href":"https:\/\/www.911restorationnorthwestindiana.com\/es\/wp-json\/wp\/v2\/pages\/6","targetHints":{"allow":["GET"]}}],"collection":[{"href":"https:\/\/www.911restorationnorthwestindiana.com\/es\/wp-json\/wp\/v2\/pages"}],"about":[{"href":"https:\/\/www.911restorationnorthwestindiana.com\/es\/wp-json\/wp\/v2\/types\/page"}],"author":[{"embeddable":true,"href":"https:\/\/www.911restorationnorthwestindiana.com\/es\/wp-json\/wp\/v2\/users\/2"}],"replies":[{"embeddable":true,"href":"https:\/\/www.911restorationnorthwestindiana.com\/es\/wp-json\/wp\/v2\/comments?post=6"}],"version-history":[{"count":1,"href":"https:\/\/www.911restorationnorthwestindiana.com\/es\/wp-json\/wp\/v2\/pages\/6\/revisions"}],"predecessor-version":[{"id":3895,"href":"https:\/\/www.911restorationnorthwestindiana.com\/es\/wp-json\/wp\/v2\/pages\/6\/revisions\/3895"}],"wp:featuredmedia":[{"embeddable":true,"href":"https:\/\/www.911restorationnorthwestindiana.com\/es\/wp-json\/wp\/v2\/media\/3228"}],"wp:attachment":[{"href":"https:\/\/www.911restorationnorthwestindiana.com\/es\/wp-json\/wp\/v2\/media?parent=6"}],"curies":[{"name":"wp","href":"https:\/\/api.w.org\/{rel}","templated":true}]}}