{"id":44,"date":"2013-04-26T02:22:05","date_gmt":"2013-04-26T07:22:05","guid":{"rendered":"https:\/\/www.911restorationnorthwestindiana.com\/?page_id=44"},"modified":"2022-11-23T02:33:19","modified_gmt":"2022-11-23T10:33:19","slug":"certificates","status":"publish","type":"page","link":"https:\/\/www.911restorationnorthwestindiana.com\/es\/certificates\/","title":{"rendered":"Certificados"},"content":{"rendered":"<p class=\"translation-block\">911 Restoration est\u00e1 certificado por el <strong>Instituto de Certificaci\u00f3n de Inspecci\u00f3n, Limpieza y Restauraci\u00f3n<\/strong> n, una organizaci\u00f3n internacional sin fines de lucro orientada a establecer est\u00e1ndares en todo el mundo para servicios de restauraci\u00f3n. Nos sometemos a su rigurosa formaci\u00f3n porque valoramos la profesionalidad y usted tiene derecho a un equipo que puede con cualquier cosa. Espere que todo lo que pueda haber salido mal se solucione. Todo ser\u00e1 mejor de lo que era porque puede confiar en que nuestros t\u00e9cnicos capacitados le brindar\u00e1n servicios de alta calidad cuando necesite un <strong>comenzar de nuevo<\/strong>.<\/p>\n<p><strong>T\u00e9cnico de restauraci\u00f3n de da\u00f1os por agua (WRT) <\/strong><\/p>\n<p>El programa de capacitaci\u00f3n WRT muestra los verdaderos efectos del da\u00f1o causado por el agua debido a la p\u00e9rdida de agua, los atascos de alcantarillado y las infestaciones de moho. Nos brinda una comprensi\u00f3n de los procedimientos y t\u00e9cnicas necesarios para secar espacios como salas de estar, espacios de acceso, contrapisos y entre paredes.<\/p>\n<p><strong>T\u00e9cnica de Restauraci\u00f3n de Incendios y Humos (FSRT)<\/strong><\/p>\n<p>El humo es una combinaci\u00f3n de gas caliente y part\u00edculas en aerosol, como holl\u00edn y cenizas, por lo que un incendio puede dejar estructuras manchadas. Adem\u00e1s, los esfuerzos de restauraci\u00f3n requieren la necesidad de retirar y desodorizar la casa, ya que el agua y los escombros que quedan pueden causar olores no deseados en el futuro. El programa de capacitaci\u00f3n FSRT informa a los t\u00e9cnicos sobre los medios para combinar t\u00e9cnicas para restaurar el hogar a un estado hermoso y fresco.<\/p>","protected":false},"excerpt":{"rendered":"<p>911 Restoration is certified by the Institute of Inspection, Cleaning and Restoration Certification, an international nonprofit geared to establishing standards across the globe for restoration services. We undergo their rigorous training because we value professionalism, and you are entitled to a team that can handle anything. Expect that everything that might have gone wrong will [&hellip;]<\/p>","protected":false},"author":2,"featured_media":3228,"parent":0,"menu_order":0,"comment_status":"closed","ping_status":"open","template":"page-certificate.php","meta":{"_acf_changed":false,"footnotes":""},"class_list":["post-44","page","type-page","status-publish","has-post-thumbnail","hentry"],"acf":[],"yoast_head":"<!-- This site is optimized with the Yoast SEO plugin v26.9 - https:\/\/yoast.com\/product\/yoast-seo-wordpress\/ -->\n<title>Certificates - Northwest Indiana<\/title>\n<meta name=\"robots\" content=\"index, follow, max-snippet:-1, max-image-preview:large, max-video-preview:-1\" \/>\n<link rel=\"canonical\" href=\"https:\/\/www.911restorationnorthwestindiana.com\/es\/certificates\/\" \/>\n<meta name=\"twitter:label1\" content=\"Tiempo de lectura\" \/>\n\t<meta name=\"twitter:data1\" content=\"1 minuto\" \/>\n<!-- \/ Yoast SEO plugin. -->","yoast_head_json":{"title":"Certificates - Northwest Indiana","robots":{"index":"index","follow":"follow","max-snippet":"max-snippet:-1","max-image-preview":"max-image-preview:large","max-video-preview":"max-video-preview:-1"},"canonical":"https:\/\/www.911restorationnorthwestindiana.com\/es\/certificates\/","twitter_misc":{"Tiempo de lectura":"1 minuto"},"schema":{"@context":"https:\/\/schema.org","@graph":[{"@type":"WebPage","@id":"https:\/\/www.911restorationnorthwestindiana.com\/certificates\/","url":"https:\/\/www.911restorationnorthwestindiana.com\/certificates\/","name":"Certificates - Northwest Indiana","isPartOf":{"@id":"https:\/\/www.911restorationnorthwestindiana.com\/#website"},"primaryImageOfPage":{"@id":"https:\/\/www.911restorationnorthwestindiana.com\/certificates\/#primaryimage"},"image":{"@id":"https:\/\/www.911restorationnorthwestindiana.com\/certificates\/#primaryimage"},"thumbnailUrl":"https:\/\/www.911restorationnorthwestindiana.com\/wp-content\/uploads\/2020\/02\/restoration-crew-banner.jpg","datePublished":"2013-04-26T07:22:05+00:00","dateModified":"2022-11-23T10:33:19+00:00","breadcrumb":{"@id":"https:\/\/www.911restorationnorthwestindiana.com\/certificates\/#breadcrumb"},"inLanguage":"es","potentialAction":[{"@type":"ReadAction","target":["https:\/\/www.911restorationnorthwestindiana.com\/certificates\/"]}]},{"@type":"ImageObject","inLanguage":"es","@id":"https:\/\/www.911restorationnorthwestindiana.com\/certificates\/#primaryimage","url":"https:\/\/www.911restorationnorthwestindiana.com\/wp-content\/uploads\/2020\/02\/restoration-crew-banner.jpg","contentUrl":"https:\/\/www.911restorationnorthwestindiana.com\/wp-content\/uploads\/2020\/02\/restoration-crew-banner.jpg","width":1200,"height":400,"caption":"water restoration tech"},{"@type":"BreadcrumbList","@id":"https:\/\/www.911restorationnorthwestindiana.com\/certificates\/#breadcrumb","itemListElement":[{"@type":"ListItem","position":1,"name":"Home","item":"https:\/\/www.911restorationnorthwestindiana.com\/"},{"@type":"ListItem","position":2,"name":"Certificates"}]},{"@type":"WebSite","@id":"https:\/\/www.911restorationnorthwestindiana.com\/#website","url":"https:\/\/www.911restorationnorthwestindiana.com\/","name":"Noroeste de Indiana","description":"(219) 255-4163","potentialAction":[{"@type":"SearchAction","target":{"@type":"EntryPoint","urlTemplate":"https:\/\/www.911restorationnorthwestindiana.com\/?s={search_term_string}"},"query-input":{"@type":"PropertyValueSpecification","valueRequired":true,"valueName":"search_term_string"}}],"inLanguage":"es"}]}},"_links":{"self":[{"href":"https:\/\/www.911restorationnorthwestindiana.com\/es\/wp-json\/wp\/v2\/pages\/44","targetHints":{"allow":["GET"]}}],"collection":[{"href":"https:\/\/www.911restorationnorthwestindiana.com\/es\/wp-json\/wp\/v2\/pages"}],"about":[{"href":"https:\/\/www.911restorationnorthwestindiana.com\/es\/wp-json\/wp\/v2\/types\/page"}],"author":[{"embeddable":true,"href":"https:\/\/www.911restorationnorthwestindiana.com\/es\/wp-json\/wp\/v2\/users\/2"}],"replies":[{"embeddable":true,"href":"https:\/\/www.911restorationnorthwestindiana.com\/es\/wp-json\/wp\/v2\/comments?post=44"}],"version-history":[{"count":1,"href":"https:\/\/www.911restorationnorthwestindiana.com\/es\/wp-json\/wp\/v2\/pages\/44\/revisions"}],"predecessor-version":[{"id":3894,"href":"https:\/\/www.911restorationnorthwestindiana.com\/es\/wp-json\/wp\/v2\/pages\/44\/revisions\/3894"}],"wp:featuredmedia":[{"embeddable":true,"href":"https:\/\/www.911restorationnorthwestindiana.com\/es\/wp-json\/wp\/v2\/media\/3228"}],"wp:attachment":[{"href":"https:\/\/www.911restorationnorthwestindiana.com\/es\/wp-json\/wp\/v2\/media?parent=44"}],"curies":[{"name":"wp","href":"https:\/\/api.w.org\/{rel}","templated":true}]}}