{"id":4000,"date":"2023-09-21T10:06:10","date_gmt":"2023-09-21T17:06:10","guid":{"rendered":"https:\/\/www.911restorationnorthwestindiana.com\/?page_id=4000"},"modified":"2023-09-21T10:27:11","modified_gmt":"2023-09-21T17:27:11","slug":"emergency-disaster-response","status":"publish","type":"page","link":"https:\/\/www.911restorationnorthwestindiana.com\/es\/emergency-disaster-response\/","title":{"rendered":"Respuesta de emergencia ante desastres"},"content":{"rendered":"<p><span style=\"font-weight: 400;\">Cuando ocurren desastres inesperados que lo toman por sorpresa y lo dejan con una extrema necesidad de asistencia, recurra al 911 Restauraci\u00f3n del Noroeste de Indiana. Nuestros servicios de restauraci\u00f3n de emergencia ante desastres, altamente confiables y eficientes, est\u00e1n aqu\u00ed para abordar la situaci\u00f3n de manera r\u00e1pida y efectiva, garantizando su tranquilidad.<\/span><\/p>\n<p><span style=\"font-weight: 400;\">Entendemos completamente la gravedad y urgencia de las situaciones de emergencia y estamos listos para responder con prontitud para mitigar los da\u00f1os y restaurar su propiedad. Ya sea que se trate de da\u00f1os por agua, incendio, infestaci\u00f3n de moho o cualquier otra cat\u00e1strofe, nuestros expertos poseen el conocimiento y los recursos necesarios para brindar servicios integrales de restauraci\u00f3n.<\/span><\/p>\n<p><span style=\"font-weight: 400;\">En 911 Restoration of Northwest Indiana, su seguridad y tranquilidad son nuestras principales prioridades. Nuestro dedicado equipo trabaja incansablemente para devolver su propiedad al estado que ten\u00eda antes del desastre. Con nuestra r\u00e1pida respuesta y amplia experiencia, puede tener total confianza en nuestra profesionalidad y eficiencia al afrontar cualquier escenario de emergencia.<\/span><\/p>\n<h2><span style=\"font-weight: 400;\">Respuesta de emergencia ante desastres<\/span><\/h2>\n<p><span style=\"font-weight: 400;\">Somos una empresa dedicada a la restauraci\u00f3n de desastres y totalmente comprometida a brindar un servicio r\u00e1pido, eficaz y confiable. Reconocemos la importancia de restaurar r\u00e1pidamente la normalidad en su vida y nuestro objetivo es ayudarlo a emprender un nuevo comienzo.<\/span><\/p>\n<p class=\"translation-block\">Puede\u00a0<a href=\"https:\/\/www.911restorationnorthwestindiana.com\/es\/services\/\" target=\"_self\">confiar en nuestros especialistas en da\u00f1os por agua<\/a> en el noroeste de Indiana para solucionar adecuadamente cualquier problema que se nos presente, como como:<\/p>\n<ul>\n<li aria-level=\"1\"><a href=\"https:\/\/www.911restorationnorthwestindiana.com\/es\/services\/water-damage-restoration-northwest-indiana\/\">Restauraci\u00f3n de da\u00f1os por agua<\/a><\/li>\n<li aria-level=\"1\"><a href=\"https:\/\/www.911restorationnorthwestindiana.com\/es\/services\/sewage-backup-in-northwest-indiana-near-you\/\">Limpieza de respaldo de alcantarillado<\/a><\/li>\n<li aria-level=\"1\"><a href=\"https:\/\/www.911restorationnorthwestindiana.com\/es\/services\/mold-removal-in-northwest-indiana\/\">Eliminaci\u00f3n de moho<\/a><\/li>\n<li aria-level=\"1\"><a href=\"https:\/\/www.911restorationnorthwestindiana.com\/es\/services\/fire-damage-restoration-in-northwest-indiana\/\">Restauraci\u00f3n de da\u00f1os por incendio y humo<\/a><\/li>\n<li aria-level=\"1\"><a href=\"https:\/\/www.911restorationnorthwestindiana.com\/es\/services\/disaster-and-storm-restoration-in-northwest-indiana\/\">Restauraci\u00f3n de desastres<\/a><\/li>\n<li aria-level=\"1\"><a href=\"https:\/\/www.911restorationnorthwestindiana.com\/es\/services\/sanitization-cleaning-services-northwest-indiana\/\">Servicios de desinfecci\u00f3n<\/a><\/li>\n<li aria-level=\"1\"><a href=\"https:\/\/www.911restorationnorthwestindiana.com\/es\/services\/commercial-property-damage-northwest-indiana\/\">Restauraci\u00f3n de Propiedad Comercial<\/a><\/li>\n<\/ul>\n<p><span style=\"font-weight: 400;\">Cuando se enfrenta a emergencias por da\u00f1os causados por agua o incendio en su hogar o negocio en el noroeste de Indiana, puede ser una experiencia abrumadora y angustiosa. Sin embargo, tenga consuelo al saber que 911 Restoration of Northwest Indiana est\u00e1 aqu\u00ed para ayudarlo en el proceso de reconstrucci\u00f3n. Nos especializamos en restauraci\u00f3n de da\u00f1os por agua, restauraci\u00f3n de da\u00f1os por incendio y eliminaci\u00f3n de moho, y estamos equipados con los recursos y habilidades esenciales para manejar desastres de cualquier magnitud.<\/span><\/p>\n<p><span style=\"font-weight: 400;\">Entendemos los desaf\u00edos que enfrenta durante estos tiempos dif\u00edciles y nuestro equipo est\u00e1 comprometido a apoyarlo durante todo el viaje de restauraci\u00f3n. A trav\u00e9s de nuestra amplia gama de servicios, nuestro objetivo es recuperar su propiedad y brindarle un nuevo comienzo. Puede confiar en que 911 Restoration of Northwest Indiana ser\u00e1 su socio confiable para superar las consecuencias de los desastres y embarcarse en un futuro mejor.<\/span><\/p>\n<h2><span style=\"font-weight: 400;\">Los desastres pueden ocurrir en cualquier momento: \u00a1estamos disponibles las 24 horas del d\u00eda, los 7 d\u00edas de la semana, los 365 d\u00edas del a\u00f1o!<\/span><\/h2>\n<p><span style=\"font-weight: 400;\">Reconocemos que los desastres pueden ocurrir en cualquier momento, independientemente del horario comercial habitual. Es precisamente por eso que 911 Restoration of Northwest Indiana permanece accesible las 24 horas del d\u00eda, los 7 d\u00edas de la semana, los 365 d\u00edas del a\u00f1o, listo para responder su llamada y enviar de inmediato a nuestros t\u00e9cnicos certificados a su ubicaci\u00f3n en 45 minutos. Nuestro compromiso inquebrantable es brindar un servicio oportuno, eficiente y confiable precisamente cuando m\u00e1s lo necesita. Tenga la seguridad de que trabajaremos incansablemente para restaurar su propiedad a su estado anterior a la p\u00e9rdida.<\/span><\/p>\n<p><span style=\"font-weight: 400;\">Durante todo el proceso de restauraci\u00f3n, nuestro equipo experimentado estar\u00e1 a su lado y le ofrecer\u00e1 orientaci\u00f3n en cada paso del camino. Entendemos los desaf\u00edos de administrar recursos durante un desastre y estamos aqu\u00ed para ofrecer apoyo inquebrantable durante todo el viaje. Cuente con nosotros para brindarle la experiencia y la asistencia necesarias que necesita para atravesar este per\u00edodo desafiante.<\/span><\/p>\n<p><span style=\"font-weight: 400;\">Si est\u00e1 buscando una empresa de restauraci\u00f3n de desastres que realmente priorice su bienestar y el estado de su propiedad, no busque m\u00e1s que 911 Restoration of Northwest Indiana. Cont\u00e1ctenos hoy para una evaluaci\u00f3n gratuita. Nuestro equipo est\u00e1 listo para extenderle una mano y brindarle las soluciones de restauraci\u00f3n que usted merece.<\/span><\/p>\n<h2><span style=\"font-weight: 400;\">Profesionales de restauraci\u00f3n locales certificadas en su \u00e1rea<\/span><\/h2>\n<p><span style=\"font-weight: 400;\">Al buscar una empresa de restauraci\u00f3n profesional capaz de manejar da\u00f1os por agua, incendio o cualquier otro tipo de da\u00f1o, es fundamental elegir un experto con certificaci\u00f3n IICRC. Estos profesionales han sido certificados por el Instituto de Certificaci\u00f3n de Inspecci\u00f3n, Limpieza y Restauraci\u00f3n (IICRC), una autoridad muy respetada en la industria de la restauraci\u00f3n que establece los est\u00e1ndares de excelencia. Al asociarse con 911 Restoration of Northwest Indiana, puede tener total confianza de que recibir\u00e1 un servicio excepcional por parte de expertos en restauraci\u00f3n certificados.<\/span><\/p>\n<p><span style=\"font-weight: 400;\">Nuestro equipo en 911 Restoration of Northwest Indiana se dedica a brindar la mayor satisfacci\u00f3n a trav\u00e9s de nuestro compromiso de brindar un servicio de primer nivel. Con nuestro equipo de profesionales certificados por el IICRC, puede confiar en nuestra capacidad para manejar todos los aspectos de la restauraci\u00f3n de manera eficiente y efectiva. Estamos comprometidos a ofrecerle un nuevo comienzo y ayudarlo a superar los desaf\u00edos que plantean los diversos tipos de da\u00f1os.<\/span><\/p>\n<p><span style=\"font-weight: 400;\">Si alguna vez necesita servicios de restauraci\u00f3n, no dude en comunicarse con nosotros. Estamos aqu\u00ed para brindarle la experiencia y el apoyo necesarios para navegar a trav\u00e9s del proceso de restauraci\u00f3n. \u00a1Comun\u00edquese con 911 Restoration of Northwest Indiana hoy para comenzar su nuevo comienzo!<\/span><\/p>\n<p class=\"translation-block\"><span style=\"font-weight: 400\">Nuestro <\/span><a href=\"http:\/\/iicrc.org\/\" target=\"_self\"><span style=\"font-weight: 400\">IICRC<\/span><\/a><span style=\"font-weight: 400\">t\u00e9cnicos certificados est\u00e1n completamente capacitados en las pautas de los CDC y se mantienen al d\u00eda con las \u00faltimas actualizaciones. Por lo tanto, puede estar seguro de que le brindar\u00e1n servicios integrales de restauraci\u00f3n de da\u00f1os para su propiedad comercial.<\/span><\/p>\n<p class=\"translation-block\"><span style=\"font-weight: 400\">Nuestro objetivo es ayudarlo a reanudar sus actividades de manera segura lo antes posible, y nuestros equipos har\u00e1n todo lo posible para hacerlo posible. Ll\u00e1manos al <a href=\"tel:(219) 255-4163\" target=\"_self\">(219) 255-4163<\/a><\/span><span style=\"font-weight: 400\"> inmediatamente para una inspecci\u00f3n gratuita de su propiedad residencial o comercial.<\/span><\/p>","protected":false},"excerpt":{"rendered":"<p>When unexpected disasters strike, catching you by surprise and leaving you in dire need of assistance, turn to 911 Restoration of Northwest Indiana. Our highly dependable and efficient emergency disaster restoration services are here to swiftly and effectively address the situation, ensuring your peace of mind. We fully understand the gravity and urgency of emergency [&hellip;]<\/p>","protected":false},"author":2,"featured_media":3844,"parent":0,"menu_order":0,"comment_status":"closed","ping_status":"closed","template":"","meta":{"_acf_changed":false,"footnotes":""},"class_list":["post-4000","page","type-page","status-publish","has-post-thumbnail","hentry"],"acf":[],"yoast_head":"<!-- This site is optimized with the Yoast SEO plugin v26.9 - https:\/\/yoast.com\/product\/yoast-seo-wordpress\/ -->\n<title>Emergency Disaster Response - Northwest Indiana<\/title>\n<meta name=\"description\" content=\"Our highly dependable and efficient emergency disaster restoration services are here to swiftly and effectively address the situation.\" \/>\n<meta name=\"robots\" content=\"index, follow, max-snippet:-1, max-image-preview:large, max-video-preview:-1\" \/>\n<link rel=\"canonical\" href=\"https:\/\/www.911restorationnorthwestindiana.com\/es\/emergency-disaster-response\/\" \/>\n<meta name=\"twitter:label1\" content=\"Tiempo de lectura\" \/>\n\t<meta name=\"twitter:data1\" content=\"4 minutos\" \/>\n<!-- \/ Yoast SEO plugin. -->","yoast_head_json":{"title":"Emergency Disaster Response - Northwest Indiana","description":"Our highly dependable and efficient emergency disaster restoration services are here to swiftly and effectively address the situation.","robots":{"index":"index","follow":"follow","max-snippet":"max-snippet:-1","max-image-preview":"max-image-preview:large","max-video-preview":"max-video-preview:-1"},"canonical":"https:\/\/www.911restorationnorthwestindiana.com\/es\/emergency-disaster-response\/","twitter_misc":{"Tiempo de lectura":"4 minutos"},"schema":{"@context":"https:\/\/schema.org","@graph":[{"@type":"WebPage","@id":"https:\/\/www.911restorationnorthwestindiana.com\/emergency-disaster-response\/","url":"https:\/\/www.911restorationnorthwestindiana.com\/emergency-disaster-response\/","name":"Emergency Disaster Response - Northwest Indiana","isPartOf":{"@id":"https:\/\/www.911restorationnorthwestindiana.com\/#website"},"primaryImageOfPage":{"@id":"https:\/\/www.911restorationnorthwestindiana.com\/emergency-disaster-response\/#primaryimage"},"image":{"@id":"https:\/\/www.911restorationnorthwestindiana.com\/emergency-disaster-response\/#primaryimage"},"thumbnailUrl":"https:\/\/www.911restorationnorthwestindiana.com\/wp-content\/uploads\/2022\/04\/home-banner-image.jpg","datePublished":"2023-09-21T17:06:10+00:00","dateModified":"2023-09-21T17:27:11+00:00","description":"Our highly dependable and efficient emergency disaster restoration services are here to swiftly and effectively address the situation.","breadcrumb":{"@id":"https:\/\/www.911restorationnorthwestindiana.com\/emergency-disaster-response\/#breadcrumb"},"inLanguage":"es","potentialAction":[{"@type":"ReadAction","target":["https:\/\/www.911restorationnorthwestindiana.com\/emergency-disaster-response\/"]}]},{"@type":"ImageObject","inLanguage":"es","@id":"https:\/\/www.911restorationnorthwestindiana.com\/emergency-disaster-response\/#primaryimage","url":"https:\/\/www.911restorationnorthwestindiana.com\/wp-content\/uploads\/2022\/04\/home-banner-image.jpg","contentUrl":"https:\/\/www.911restorationnorthwestindiana.com\/wp-content\/uploads\/2022\/04\/home-banner-image.jpg","width":1200,"height":400,"caption":"Home Banner"},{"@type":"BreadcrumbList","@id":"https:\/\/www.911restorationnorthwestindiana.com\/emergency-disaster-response\/#breadcrumb","itemListElement":[{"@type":"ListItem","position":1,"name":"Home","item":"https:\/\/www.911restorationnorthwestindiana.com\/"},{"@type":"ListItem","position":2,"name":"Emergency Disaster Response"}]},{"@type":"WebSite","@id":"https:\/\/www.911restorationnorthwestindiana.com\/#website","url":"https:\/\/www.911restorationnorthwestindiana.com\/","name":"Noroeste de Indiana","description":"(219) 255-4163","potentialAction":[{"@type":"SearchAction","target":{"@type":"EntryPoint","urlTemplate":"https:\/\/www.911restorationnorthwestindiana.com\/?s={search_term_string}"},"query-input":{"@type":"PropertyValueSpecification","valueRequired":true,"valueName":"search_term_string"}}],"inLanguage":"es"}]}},"_links":{"self":[{"href":"https:\/\/www.911restorationnorthwestindiana.com\/es\/wp-json\/wp\/v2\/pages\/4000","targetHints":{"allow":["GET"]}}],"collection":[{"href":"https:\/\/www.911restorationnorthwestindiana.com\/es\/wp-json\/wp\/v2\/pages"}],"about":[{"href":"https:\/\/www.911restorationnorthwestindiana.com\/es\/wp-json\/wp\/v2\/types\/page"}],"author":[{"embeddable":true,"href":"https:\/\/www.911restorationnorthwestindiana.com\/es\/wp-json\/wp\/v2\/users\/2"}],"replies":[{"embeddable":true,"href":"https:\/\/www.911restorationnorthwestindiana.com\/es\/wp-json\/wp\/v2\/comments?post=4000"}],"version-history":[{"count":1,"href":"https:\/\/www.911restorationnorthwestindiana.com\/es\/wp-json\/wp\/v2\/pages\/4000\/revisions"}],"predecessor-version":[{"id":4001,"href":"https:\/\/www.911restorationnorthwestindiana.com\/es\/wp-json\/wp\/v2\/pages\/4000\/revisions\/4001"}],"wp:featuredmedia":[{"embeddable":true,"href":"https:\/\/www.911restorationnorthwestindiana.com\/es\/wp-json\/wp\/v2\/media\/3844"}],"wp:attachment":[{"href":"https:\/\/www.911restorationnorthwestindiana.com\/es\/wp-json\/wp\/v2\/media?parent=4000"}],"curies":[{"name":"wp","href":"https:\/\/api.w.org\/{rel}","templated":true}]}}