{"id":3998,"date":"2023-09-21T09:50:01","date_gmt":"2023-09-21T16:50:01","guid":{"rendered":"https:\/\/www.911restorationnorthwestindiana.com\/?page_id=3998"},"modified":"2023-09-21T09:50:01","modified_gmt":"2023-09-21T16:50:01","slug":"advanced-restoration-equipment","status":"publish","type":"page","link":"https:\/\/www.911restorationnorthwestindiana.com\/es\/advanced-restoration-equipment\/","title":{"rendered":"Equipo de restauraci\u00f3n avanzado"},"content":{"rendered":"<p><span style=\"font-weight: 400;\">Reconocemos la importancia de permanecer a la vanguardia de estos desarrollos. Es por eso que hacemos inversiones sustanciales para adquirir los equipos de restauraci\u00f3n m\u00e1s avanzados disponibles en la industria.<\/span><\/p>\n<p><span style=\"font-weight: 400;\">Estos avances de vanguardia permiten a nuestros expertos en el noroeste de Indiana, la playa del noroeste de Indiana, Coral Gables y Kendall restaurar propiedades da\u00f1adas de manera r\u00e1pida y efectiva. Al utilizar equipos de \u00faltima generaci\u00f3n, podemos devolver eficientemente su propiedad a su estado anterior a la p\u00e9rdida. Este enfoque no solo garantiza resultados excepcionales sino que tambi\u00e9n nos permite brindar nuestros servicios a un precio m\u00e1s asequible en comparaci\u00f3n con nuestros competidores. <img loading=\"lazy\" decoding=\"async\" class=\"alignright size-medium wp-image-3794\" src=\"https:\/\/www.911restorationnorthwestindiana.com\/wp-content\/uploads\/2022\/03\/911Restoration-water-removal-1-300x200.jpg\" alt=\"advanced restoration equipment\" width=\"300\" height=\"200\" srcset=\"https:\/\/www.911restorationnorthwestindiana.com\/wp-content\/uploads\/2022\/03\/911Restoration-water-removal-1-300x200.jpg 300w, https:\/\/www.911restorationnorthwestindiana.com\/wp-content\/uploads\/2022\/03\/911Restoration-water-removal-1.jpg 600w\" sizes=\"auto, (max-width: 300px) 100vw, 300px\" \/><\/span><\/p>\n<p><span style=\"font-weight: 400;\">Cuando elige 911 Restoration of Northwest Indiana, puede tener la tranquilidad de saber que se beneficia de la combinaci\u00f3n de tecnolog\u00eda avanzada, conocimiento experto y soluciones rentables. Estamos comprometidos a brindar servicios de restauraci\u00f3n superiores que superen sus expectativas y le brinden el m\u00e1ximo valor.<\/span><\/p>\n<p><span style=\"font-weight: 400;\">Nuestro equipo est\u00e1 totalmente equipado con las \u00faltimas herramientas y equipos para afrontar cualquier desaf\u00edo de restauraci\u00f3n. Nos mantenemos actualizados continuamente con los avances de la industria y adoptamos tecnolog\u00edas innovadoras que mejoran nuestras capacidades. Al aprovechar estos recursos, podemos brindar servicios de restauraci\u00f3n eficientes y efectivos mientras mantenemos un enfoque en la asequibilidad.<\/span><\/p>\n<p><span style=\"font-weight: 400;\">Tenga la seguridad de que cuando conf\u00eda en 911 Restoration of Northwest Indiana sus necesidades de restauraci\u00f3n, puede esperar resultados excepcionales. Nuestro compromiso de utilizar tecnolog\u00eda avanzada, junto con nuestro conocimiento experto y dedicaci\u00f3n para brindar valor, garantiza que brindemos el m\u00e1s alto nivel de servicio a nuestros valiosos clientes.<\/span><\/p>\n<p>&nbsp;<\/p>\n<h2><span style=\"font-weight: 400;\">Equipos de detecci\u00f3n y medici\u00f3n de humedad<\/span><\/h2>\n<p><span style=\"font-weight: 400;\">Cuando se trata de detectar y medir la humedad, existen numerosas opciones de equipos disponibles en el mercado. Es fundamental elegir el equipo adecuado en funci\u00f3n de sus requisitos espec\u00edficos, ya que cada tipo tiene sus propias ventajas y limitaciones.<\/span><\/p>\n<p><span style=\"font-weight: 400;\">A continuaci\u00f3n se muestran algunos equipos de detecci\u00f3n y medici\u00f3n de humedad de uso com\u00fan:<\/span><\/p>\n<ol>\n<li class=\"translation-block\"><b>Higr\u00f3metros<\/b><span style=\"font-weight: 400\">: estos instrumentos est\u00e1n dise\u00f1ados para medir y monitorear los niveles de humedad en el aire. Son \u00fatiles para evaluar el contenido general de humedad en un ambiente determinado.<\/span><\/li>\n<li class=\"translation-block\"><b>Medidores de humedad<\/b><span style=\"font-weight: 400\">: estos dispositivos est\u00e1n dise\u00f1ados espec\u00edficamente para medir el contenido de humedad dentro de diversos materiales, como madera, paneles de yeso u hormig\u00f3n. Los medidores de humedad pueden ayudar a identificar bolsas de humedad ocultas y determinar el alcance de los da\u00f1os causados por el agua.<\/span><\/li>\n<li class=\"translation-block\"><b>C\u00e1maras infrarrojas<\/b><span style=\"font-weight: 400\">: tambi\u00e9n conocidas como c\u00e1maras termogr\u00e1ficas, estas herramientas capturan y visualizan variaciones de temperatura. Al detectar diferencias en las temperaturas de la superficie, las c\u00e1maras infrarrojas pueden identificar posibles problemas relacionados con la humedad, como fugas ocultas o \u00e1reas de humedad excesiva.<\/span><\/li>\n<li class=\"translation-block\"><b>Term\u00f3metros<\/b><span style=\"font-weight: 400\">: la medici\u00f3n de la temperatura es un aspecto esencial de la detecci\u00f3n de humedad. Se utilizan varios tipos de term\u00f3metros, como term\u00f3metros infrarrojos o term\u00f3metros de sonda digital, para medir las temperaturas de la superficie e identificar \u00e1reas de posible intrusi\u00f3n de humedad.<\/span><\/li>\n<\/ol>\n<p>&nbsp;<\/p>\n<p><span style=\"font-weight: 400;\">La selecci\u00f3n del equipo adecuado depende de las circunstancias y objetivos espec\u00edficos de cada proyecto de restauraci\u00f3n. En 911 Restoration of Northwest Indiana, nuestros expertos capacitados poseen un amplio conocimiento en la utilizaci\u00f3n de equipos adecuados de detecci\u00f3n y medici\u00f3n de humedad. Esta experiencia garantiza evaluaciones precisas y soluciones de restauraci\u00f3n efectivas para su propiedad.<\/span><\/p>\n<h2><span style=\"font-weight: 400;\">Los higr\u00f3metros detectan vapor de agua<\/span><\/h2>\n<p><span style=\"font-weight: 400;\">En 911 Restoration of Northwest Indiana, reconocemos la importancia de monitorear y mantener niveles ideales de humedad interior. Para conseguirlo, nos apoyamos en los higr\u00f3metros, instrumentos imprescindibles dise\u00f1ados espec\u00edficamente para medir la presencia de vapor de agua en el aire. Los higr\u00f3metros se utilizan ampliamente en estaciones meteorol\u00f3gicas y desempe\u00f1an un papel crucial en la evaluaci\u00f3n y control de los niveles de humedad en habitaciones o \u00e1reas espec\u00edficas.<\/span><\/p>\n<p><span style=\"font-weight: 400;\">Los higr\u00f3metros funcionan midiendo el punto de roc\u00edo del aire, que indica la temperatura a la que el vapor de agua se condensa en estado l\u00edquido. Al emplear un higr\u00f3metro para controlar la humedad, puede adquirir informaci\u00f3n valiosa sobre el contenido de humedad de su entorno.<\/span><\/p>\n<p><span style=\"font-weight: 400;\">Al utilizar un higr\u00f3metro para controlar la humedad, podemos recopilar informaci\u00f3n valiosa sobre los niveles de humedad en su entorno. Este conocimiento nos permite comprender mejor las condiciones y tomar las medidas adecuadas para mantener una humedad \u00f3ptima para el bienestar de su propiedad.<\/span><\/p>\n<h2><span style=\"font-weight: 400;\">Los medidores de humedad detectan la humedad de superficies duras<\/span><\/h2>\n<p><span style=\"font-weight: 400;\">En 911 Restoration of Northwest Indiana, confiamos en los medidores de humedad para garantizar una evaluaci\u00f3n y medici\u00f3n precisas del contenido de humedad en diversos materiales. Los medidores de humedad vienen en diferentes tipos, incluidos medidores de humedad tipo clavija y medidores de humedad no invasivos.<\/span><\/p>\n<p><span style=\"font-weight: 400;\">Los medidores de humedad tipo clavija est\u00e1n equipados con clavijas afiladas que se insertan en el material que se examina. Estos pines miden la resistencia el\u00e9ctrica entre ellos, proporcionando una lectura del contenido de humedad. Los medidores tipo clavija se usan com\u00fanmente para evaluar los niveles de humedad en materiales como madera, paneles de yeso o aislamiento.<\/span><\/p>\n<p><span style=\"font-weight: 400;\">Por otro lado, los medidores de humedad no invasivos no requieren el uso de clavijas. En cambio, estos medidores utilizan sensores para detectar y medir el contenido de humedad del material que se analiza, sin causar ning\u00fan da\u00f1o. Son particularmente valiosos para evaluar los niveles de humedad en materiales como hormig\u00f3n, mamposter\u00eda o alfombras.<\/span><\/p>\n<p><span style=\"font-weight: 400;\">Los medidores de humedad ofrecen un mayor nivel de precisi\u00f3n y sofisticaci\u00f3n en comparaci\u00f3n con los higr\u00f3metros porque proporcionan mediciones directas del contenido de humedad dentro de materiales espec\u00edficos. Al utilizar medidores de humedad, nuestros profesionales pueden detectar con precisi\u00f3n la presencia de humedad y evaluar el alcance del da\u00f1o causado por el agua en diferentes materiales de construcci\u00f3n. Esta valiosa informaci\u00f3n nos permite desarrollar estrategias de restauraci\u00f3n espec\u00edficas y efectivas adaptadas a su situaci\u00f3n particular.<\/span><\/p>\n<h2><span style=\"font-weight: 400;\">Las c\u00e1maras infrarrojas detectan da\u00f1os por agua<\/span><\/h2>\n<p class=\"translation-block\"><span style=\"font-weight: 400\"><a href=\"https:\/\/www.911restorationnorthwestindiana.com\/es\/services\/water-damage-restoration-northwest-indiana\/\" target=\"_self\">Da\u00f1os por agua<\/a> sigue siendo una de las principales causas de reclamaciones de seguros de hogar, conocida por su potencial de causar una destrucci\u00f3n significativa. No se debe subestimar la velocidad a la que el agua puede causar estragos. Por lo tanto, cuando su hogar o negocio sufre da\u00f1os por agua, es fundamental tomar medidas inmediatas para minimizar el da\u00f1o y evitar mayores complicaciones.<\/span><\/p>\n<p class=\"translation-block\"><span style=\"font-weight: 400\">Los da\u00f1os causados por el agua pueden provocar una serie de problemas graves, entre ellos <a href=\"https:\/\/www.911restorationnorthwestindiana.com\/es\/services\/mold-removal-in-northwest- indiana\/\" target=\"_self\">crecimiento de moho<\/a>, podredumbre y da\u00f1os estructurales. Si no se abordan, las consecuencias de los da\u00f1os causados por el agua pueden ser financieramente onerosas y emocionalmente angustiosas. Sin embargo, si act\u00faa con rapidez y se asocia con una empresa de restauraci\u00f3n profesional, puede reducir la magnitud del da\u00f1o y restaurar su propiedad a su estado original. Una herramienta invaluable en este proceso es una c\u00e1mara infrarroja, que desempe\u00f1a un papel fundamental en la detecci\u00f3n de da\u00f1os por agua, incluso en \u00e1reas ocultas o de dif\u00edcil acceso.<\/span><\/p>\n<p><span style=\"font-weight: 400;\">Las c\u00e1maras infrarrojas tienen la capacidad de identificar la humedad en espacios ocultos, como dentro de las paredes, detr\u00e1s de los gabinetes o debajo del piso. Al utilizar esta tecnolog\u00eda avanzada, los expertos pueden identificar con precisi\u00f3n el alcance y la ubicaci\u00f3n precisa de los da\u00f1os causados por el agua, lo que facilita los esfuerzos eficaces de remediaci\u00f3n.<\/span><\/p>\n<p><span style=\"font-weight: 400;\">Si encuentra da\u00f1os por agua en su hogar o negocio, es vital buscar la ayuda de un profesional para una inspecci\u00f3n exhaustiva. Adem\u00e1s, es importante asegurarse de que el profesional utilice una c\u00e1mara infrarroja durante la evaluaci\u00f3n. Esta valiosa herramienta permite la detecci\u00f3n de humedad en \u00e1reas ocultas, asegurando una comprensi\u00f3n profunda del da\u00f1o y permitiendo medidas de restauraci\u00f3n precisas.<\/span><\/p>\n<h2><span style=\"font-weight: 400;\">Equipos de extracci\u00f3n y mitigaci\u00f3n de agua.<\/span><\/h2>\n<p><span style=\"font-weight: 400;\">En el mercado actual, existe una amplia gama de equipos de extracci\u00f3n de agua disponibles, y seleccionar el equipo adecuado para sus necesidades espec\u00edficas es crucial para garantizar la seguridad y el bienestar de su hogar y de sus seres queridos. Exploremos algunos tipos de equipos de extracci\u00f3n de agua de uso com\u00fan:<\/span><\/p>\n<p class=\"translation-block\"><b>Bombas<\/b><span style=\"font-weight: 400\">: Las bombas se utilizan com\u00fanmente para la extracci\u00f3n de agua y son muy efectivas para eliminar el agua de \u00e1reas inundadas. Pueden extraer eficientemente grandes vol\u00famenes de agua y, a menudo, se emplean en situaciones donde se requiere una eliminaci\u00f3n significativa de agua.<\/span><\/p>\n<p class=\"translation-block\"><b>Aspiradoras<\/b><span style=\"font-weight: 400\">: Las aspiradoras son vers\u00e1tiles y se utilizan ampliamente para la extracci\u00f3n de agua. Vienen en varias formas y se usan con frecuencia para eliminar el agua de alfombras, tapizados y otras superficies. Estas aspiradoras especializadas est\u00e1n dise\u00f1adas para extraer agua de manera efectiva y ayudar en el proceso de secado.<\/span><\/p>\n<p class=\"translation-block\"><b>Deshumidificadores<\/b><span style=\"font-weight: 400\">: Los deshumidificadores desempe\u00f1an un papel crucial en la restauraci\u00f3n de da\u00f1os causados por el agua al reducir los niveles de humedad en el aire. Estos dispositivos extraen el exceso de humedad del entorno, lo que los hace especialmente beneficiosos en hogares con ventilaci\u00f3n inadecuada. Al reducir la humedad, los deshumidificadores ayudan a prevenir el crecimiento de moho y hongos, salvaguardando as\u00ed la calidad del aire interior.<\/span><\/p>\n<p><span style=\"font-weight: 400;\">La selecci\u00f3n del equipo de extracci\u00f3n de agua adecuado depende de la gravedad y la naturaleza del da\u00f1o causado por el agua. Las empresas de restauraci\u00f3n profesionales, como 911 Restoration of Northwest Indiana, poseen una gama de equipos especializados y experiencia para evaluar la situaci\u00f3n y elegir las herramientas de extracci\u00f3n m\u00e1s adecuadas para una eliminaci\u00f3n de agua eficaz y completa.<\/span><\/p>\n<p>&nbsp;<\/p>\n<h2><span style=\"font-weight: 400;\">Equipos de secado para sus necesidades<\/span><\/h2>\n<p><span style=\"font-weight: 400;\">El equipo de secado juega un papel crucial en el proceso de restauraci\u00f3n de da\u00f1os causados por el agua, ya que es esencial para eliminar la humedad y prevenir el crecimiento de moho y hongos. En 911 Restoration of Northwest Indiana, priorizamos la erradicaci\u00f3n completa de la humedad del \u00e1rea afectada. Con nuestros equipos de secado de \u00faltima generaci\u00f3n, podemos lograr este objetivo de manera efectiva y brindar resultados garantizados.<\/span><\/p>\n<p><span style=\"font-weight: 400;\">Existe una amplia gama de opciones de equipos de secado disponibles para proyectos de restauraci\u00f3n de da\u00f1os causados por agua y eliminaci\u00f3n de moho, cada uno con sus propias fortalezas y debilidades. La elecci\u00f3n del equipo depende de las necesidades espec\u00edficas de su proyecto. Nuestro equipo de expertos en da\u00f1os por agua en 911 Restoration of Northwest Indiana, certificados por el Instituto de Certificaci\u00f3n de Inspecci\u00f3n, Limpieza y Restauraci\u00f3n (IICRC), tiene un amplio conocimiento en la selecci\u00f3n del equipo de secado adecuado seg\u00fan los requisitos \u00fanicos de su situaci\u00f3n.<\/span><\/p>\n<p><span style=\"font-weight: 400;\">Nos dedicamos a ofrecer soluciones integrales de secado para garantizar un secado completo de las \u00e1reas h\u00famedas, minimizar el riesgo de crecimiento de moho y promover un ambiente interior saludable. Nuestro equipo de expertos est\u00e1 disponible las 24 horas del d\u00eda, los 7 d\u00edas de la semana, listo para responder con prontitud a sus necesidades de restauraci\u00f3n de da\u00f1os por agua. Puede confiar en que utilizaremos nuestra experiencia y equipos de secado de \u00faltima generaci\u00f3n para restaurar de manera eficiente y efectiva su propiedad a su condici\u00f3n anterior al da\u00f1o.<\/span><\/p>\n<p><span style=\"font-weight: 400;\">En resumen, 911 Restoration of Northwest Indiana se compromete a mantenerse a la vanguardia de la tecnolog\u00eda y las t\u00e9cnicas de restauraci\u00f3n. Nuestra inversi\u00f3n en equipos avanzados garantiza que podamos brindar servicios de restauraci\u00f3n eficientes y rentables. Ya sea detecci\u00f3n de humedad, extracci\u00f3n de agua o secado, tenemos la experiencia y las herramientas para ofrecer resultados excepcionales a nuestros valiosos clientes en el noroeste de Indiana y m\u00e1s all\u00e1.<\/span><\/p>\n<p class=\"translation-block\"><span style=\"font-weight: 400\">Nuestro <\/span><a href=\"http:\/\/iicrc.org\/\" target=\"_self\"><span style=\"font-weight: 400\">IICRC<\/span><\/a><span style=\"font-weight: 400\">t\u00e9cnicos certificados est\u00e1n completamente capacitados en las pautas de los CDC y se mantienen al d\u00eda con las \u00faltimas actualizaciones. Por lo tanto, puede estar seguro de que le brindar\u00e1n servicios integrales de restauraci\u00f3n de da\u00f1os para su propiedad comercial.<\/span><\/p>\n<p class=\"translation-block\"><span style=\"font-weight: 400\">Nuestro objetivo es ayudarlo a reanudar sus actividades de manera segura lo antes posible, y nuestros equipos har\u00e1n todo lo posible para hacerlo posible. Ll\u00e1manos al <a href=\"tel:(219) 255-4163\" target=\"_self\">(219) 255-4163<\/a><\/span><span style=\"font-weight: 400\"> inmediatamente para una inspecci\u00f3n gratuita de su propiedad residencial o comercial.<\/span><\/p>\n<p>&nbsp;<\/p>","protected":false},"excerpt":{"rendered":"<p>We recognize the importance of staying at the forefront of these developments. That&#8217;s why we make substantial investments in acquiring the best-advanced restoration equipment available in the industry. These cutting-edge advancements empower our experts in Northwest Indiana, Northwest Indiana Beach, Coral Gables, and Kendall to restore damaged properties swiftly and effectively. By utilizing state-of-the-art equipment, [&hellip;]<\/p>\n","protected":false},"author":2,"featured_media":3844,"parent":0,"menu_order":0,"comment_status":"closed","ping_status":"closed","template":"","meta":{"_acf_changed":false,"footnotes":""},"class_list":["post-3998","page","type-page","status-publish","has-post-thumbnail","hentry"],"acf":[],"yoast_head":"<!-- This site is optimized with the Yoast SEO plugin v27.5 - https:\/\/yoast.com\/product\/yoast-seo-wordpress\/ -->\n<title>Advanced Restoration Equipment - Northwest Indiana<\/title>\n<meta name=\"description\" content=\"We understand the significance of staying at the forefront. That&#039;s why we invest in acquiring the best-advanced restoration equipment available in the industry.\" \/>\n<meta name=\"robots\" content=\"index, follow, max-snippet:-1, max-image-preview:large, max-video-preview:-1\" \/>\n<link rel=\"canonical\" href=\"https:\/\/www.911restorationnorthwestindiana.com\/es\/advanced-restoration-equipment\/\" \/>\n<meta name=\"twitter:label1\" content=\"Tiempo de lectura\" \/>\n\t<meta name=\"twitter:data1\" content=\"8 minutos\" \/>\n<!-- \/ Yoast SEO plugin. -->","yoast_head_json":{"title":"Advanced Restoration Equipment - Northwest Indiana","description":"We understand the significance of staying at the forefront. That's why we invest in acquiring the best-advanced restoration equipment available in the industry.","robots":{"index":"index","follow":"follow","max-snippet":"max-snippet:-1","max-image-preview":"max-image-preview:large","max-video-preview":"max-video-preview:-1"},"canonical":"https:\/\/www.911restorationnorthwestindiana.com\/es\/advanced-restoration-equipment\/","twitter_misc":{"Tiempo de lectura":"8 minutos"},"schema":{"@context":"https:\/\/schema.org","@graph":[{"@type":"WebPage","@id":"https:\/\/www.911restorationnorthwestindiana.com\/advanced-restoration-equipment\/","url":"https:\/\/www.911restorationnorthwestindiana.com\/advanced-restoration-equipment\/","name":"Advanced Restoration Equipment - Northwest Indiana","isPartOf":{"@id":"https:\/\/www.911restorationnorthwestindiana.com\/#website"},"primaryImageOfPage":{"@id":"https:\/\/www.911restorationnorthwestindiana.com\/advanced-restoration-equipment\/#primaryimage"},"image":{"@id":"https:\/\/www.911restorationnorthwestindiana.com\/advanced-restoration-equipment\/#primaryimage"},"thumbnailUrl":"https:\/\/www.911restorationnorthwestindiana.com\/wp-content\/uploads\/2022\/04\/home-banner-image.jpg","datePublished":"2023-09-21T16:50:01+00:00","description":"We understand the significance of staying at the forefront. That's why we invest in acquiring the best-advanced restoration equipment available in the industry.","breadcrumb":{"@id":"https:\/\/www.911restorationnorthwestindiana.com\/advanced-restoration-equipment\/#breadcrumb"},"inLanguage":"es","potentialAction":[{"@type":"ReadAction","target":["https:\/\/www.911restorationnorthwestindiana.com\/advanced-restoration-equipment\/"]}]},{"@type":"ImageObject","inLanguage":"es","@id":"https:\/\/www.911restorationnorthwestindiana.com\/advanced-restoration-equipment\/#primaryimage","url":"https:\/\/www.911restorationnorthwestindiana.com\/wp-content\/uploads\/2022\/04\/home-banner-image.jpg","contentUrl":"https:\/\/www.911restorationnorthwestindiana.com\/wp-content\/uploads\/2022\/04\/home-banner-image.jpg","width":1200,"height":400,"caption":"Home Banner"},{"@type":"BreadcrumbList","@id":"https:\/\/www.911restorationnorthwestindiana.com\/advanced-restoration-equipment\/#breadcrumb","itemListElement":[{"@type":"ListItem","position":1,"name":"Home","item":"https:\/\/www.911restorationnorthwestindiana.com\/"},{"@type":"ListItem","position":2,"name":"Advanced Restoration Equipment"}]},{"@type":"WebSite","@id":"https:\/\/www.911restorationnorthwestindiana.com\/#website","url":"https:\/\/www.911restorationnorthwestindiana.com\/","name":"Noroeste de Indiana","description":"(219) 255-4163","potentialAction":[{"@type":"SearchAction","target":{"@type":"EntryPoint","urlTemplate":"https:\/\/www.911restorationnorthwestindiana.com\/?s={search_term_string}"},"query-input":{"@type":"PropertyValueSpecification","valueRequired":true,"valueName":"search_term_string"}}],"inLanguage":"es"}]}},"_links":{"self":[{"href":"https:\/\/www.911restorationnorthwestindiana.com\/es\/wp-json\/wp\/v2\/pages\/3998","targetHints":{"allow":["GET"]}}],"collection":[{"href":"https:\/\/www.911restorationnorthwestindiana.com\/es\/wp-json\/wp\/v2\/pages"}],"about":[{"href":"https:\/\/www.911restorationnorthwestindiana.com\/es\/wp-json\/wp\/v2\/types\/page"}],"author":[{"embeddable":true,"href":"https:\/\/www.911restorationnorthwestindiana.com\/es\/wp-json\/wp\/v2\/users\/2"}],"replies":[{"embeddable":true,"href":"https:\/\/www.911restorationnorthwestindiana.com\/es\/wp-json\/wp\/v2\/comments?post=3998"}],"version-history":[{"count":1,"href":"https:\/\/www.911restorationnorthwestindiana.com\/es\/wp-json\/wp\/v2\/pages\/3998\/revisions"}],"predecessor-version":[{"id":3999,"href":"https:\/\/www.911restorationnorthwestindiana.com\/es\/wp-json\/wp\/v2\/pages\/3998\/revisions\/3999"}],"wp:featuredmedia":[{"embeddable":true,"href":"https:\/\/www.911restorationnorthwestindiana.com\/es\/wp-json\/wp\/v2\/media\/3844"}],"wp:attachment":[{"href":"https:\/\/www.911restorationnorthwestindiana.com\/es\/wp-json\/wp\/v2\/media?parent=3998"}],"curies":[{"name":"wp","href":"https:\/\/api.w.org\/{rel}","templated":true}]}}