{"id":3995,"date":"2023-09-14T09:58:11","date_gmt":"2023-09-14T16:58:11","guid":{"rendered":"https:\/\/www.911restorationnorthwestindiana.com\/?page_id=3995"},"modified":"2023-09-14T09:58:11","modified_gmt":"2023-09-14T16:58:11","slug":"certification-and-training-northwest-indiana","status":"publish","type":"page","link":"https:\/\/www.911restorationnorthwestindiana.com\/es\/certification-and-training-northwest-indiana\/","title":{"rendered":"Certificaci\u00f3n y Capacitaci\u00f3n"},"content":{"rendered":"<p class=\"translation-block\"><span style=\"font-weight: 400\">En <a href=\"https:\/\/www.911restorationnorthwestindiana.com\/es\/\" target=\"_self\">911 Restauraci\u00f3n del Noroeste de Indiana<\/a>, tomamos gran orgullo por nuestro equipo de especialistas altamente calificados que est\u00e1n certificados por el <a href=\"http:\/\/iicrc.org\" target=\"_blank\" rel=\"noopener\">IICRC<\/a>, un testimonio de su excelencia en el sector de la limpieza y la restauraci\u00f3n. Nuestros expertos ubicados en diversas \u00e1reas, incluidas <\/span><span style=\"font-weight: 400\">Cedar Lake, Chesterton, Crown Point, Demotte,<\/span><span style=\"font-weight: 400\"> demuestran constantemente su excepcional experiencia en la restauraci\u00f3n de materiales textiles. Cuando elige a nuestros profesionales de restauraci\u00f3n certificados, puede confiar en que estamos completamente equipados para brindarle un nuevo comienzo hoy.<\/span><\/p>\n<p><img loading=\"lazy\" decoding=\"async\" class=\"size-full wp-image-3996 aligncenter\" src=\"https:\/\/www.911restorationnorthwestindiana.com\/wp-content\/uploads\/2023\/09\/IICRC_logo.jpg\" alt=\"\" width=\"300\" height=\"100\" \/><\/p>\n<h2><span style=\"font-weight: 400;\">Nuestras especialistas est\u00e1n certificadas por el IICRC<\/span><\/h2>\n<p><span style=\"font-weight: 400;\">En 911 Restoration of Northwest Indiana, nuestros expertos experimentados se someten a un programa de capacitaci\u00f3n extenso y riguroso que cubre todos los aspectos del proceso de limpieza y restauraci\u00f3n. No escatimamos esfuerzos en preparar a nuestro equipo para enfrentar cualquier desaf\u00edo que puedan encontrar. Adem\u00e1s, nuestros especialistas deben aprobar con \u00e9xito un examen exhaustivo que eval\u00fae sus conocimientos y habilidades. Este riguroso proceso garantiza que nuestros profesionales posean el m\u00e1s alto nivel de competencia cuando se trata de cuidar su propiedad. Puede confiar en nuestra experiencia, sabiendo que constantemente brindamos resultados excepcionales.<\/span><\/p>\n<p><span style=\"font-weight: 400;\">Reconocemos la importancia de los da\u00f1os causados por el agua como una preocupaci\u00f3n grave. Entendemos que la mayor\u00eda de los desastres implican alg\u00fan tipo de da\u00f1o por agua, que puede causar da\u00f1os importantes de diversas maneras. Por eso nos especializamos en ofrecer servicios integrales de restauraci\u00f3n de desastres. Nuestro compromiso es evidente en la amplia capacitaci\u00f3n y certificaci\u00f3n que brindamos a todos nuestros empleados de campo en el \u00e1mbito de la limpieza y restauraci\u00f3n de da\u00f1os por agua.<\/span><\/p>\n<p><span style=\"font-weight: 400;\">Entendemos que enfrentar da\u00f1os por agua puede ser una experiencia incre\u00edblemente estresante y desalentadora para todos los involucrados. Es por eso que nuestro equipo dedicado est\u00e1 aqu\u00ed para brindar orientaci\u00f3n y apoyo. Puede confiar en que estaremos a su lado durante este per\u00edodo desafiante, ofreci\u00e9ndole la experiencia y la atenci\u00f3n que merece.<\/span><\/p>\n<p><span style=\"font-weight: 400;\">Nuestros servicios est\u00e1n disponibles las 24 horas del d\u00eda, los 7 d\u00edas de la semana para ayudarlo con cualquier emergencia por da\u00f1os causados por agua que pueda encontrar. Trabajaremos con diligencia y eficiencia para restaurar su hogar o negocio a su estado normal lo m\u00e1s r\u00e1pido posible. Cont\u00e1ctanos hoy para comenzar.<\/span><\/p>\n<h2><span style=\"font-weight: 400;\">Programa de capacitaci\u00f3n para la certificaci\u00f3n de empleados<\/span><\/h2>\n<p><span style=\"font-weight: 400;\">En 911 Restoration of Northwest Indiana, ofrecemos a nuestros empleados la oportunidad de participar en nuestro programa de capacitaci\u00f3n de certificaci\u00f3n de empleados voluntario y a su propio ritmo. Este programa especializado est\u00e1 meticulosamente dise\u00f1ado para equipar a nuestros empleados de la franquicia de restauraci\u00f3n 911 con las habilidades y conocimientos esenciales necesarios para brindar un servicio excepcional a nuestros valiosos clientes. Al completar con \u00e9xito los materiales del curso y el examen, nuestros empleados reciben una certificaci\u00f3n que demuestra su experiencia en el campo.<\/span><\/p>\n<p><span style=\"font-weight: 400;\">Dado que el programa es voluntario, la duraci\u00f3n de cada individuo puede variar, lo que permite a nuestros empleados aprender a su propio ritmo. Los m\u00f3dulos integrales cubiertos en el programa de capacitaci\u00f3n incluyen capacitaci\u00f3n de equipos, restauraci\u00f3n de incendios, restauraci\u00f3n de agua y limpieza de alfombras y tapizados. Al recibir esta capacitaci\u00f3n, los miembros de nuestro equipo est\u00e1n completamente preparados para abordar una amplia gama de desaf\u00edos de restauraci\u00f3n, garantizando el m\u00e1s alto nivel de calidad de servicio para nuestros clientes.<\/span><\/p>\n<p><span style=\"font-weight: 400;\">Los m\u00f3dulos cubiertos incluyen:<\/span><\/p>\n<ul>\n<li style=\"font-weight: 400;\" aria-level=\"1\"><span style=\"font-weight: 400;\">Entrenamiento de tripulaci\u00f3n<\/span><\/li>\n<li style=\"font-weight: 400;\" aria-level=\"1\"><span style=\"font-weight: 400;\">Restauraci\u00f3n de incendios<\/span><\/li>\n<li style=\"font-weight: 400;\" aria-level=\"1\"><span style=\"font-weight: 400;\">Restauraci\u00f3n del agua<\/span><\/li>\n<li style=\"font-weight: 400;\" aria-level=\"1\"><span style=\"font-weight: 400;\">Limpieza de alfombras y tapizados<\/span><\/li>\n<\/ul>\n<h2><span style=\"font-weight: 400;\">Programa de formaci\u00f3n de franquicias<\/span><\/h2>\n<p><span style=\"font-weight: 400;\">La base del programa de capacitaci\u00f3n en Restauraci\u00f3n del 911 es un curso virtual intensivo de 7 d\u00edas dirigido por los principales expertos de nuestra empresa. Este curso sirve como una plataforma crucial para los nuevos propietarios de franquicias, equip\u00e1ndolos con el conocimiento y las habilidades esenciales para prosperar en la industria de la restauraci\u00f3n.<\/span><\/p>\n<p><span style=\"font-weight: 400;\">A lo largo del curso, los participantes profundizan en una variedad de temas esenciales y cr\u00edticos para el \u00e9xito en este campo. Reciben ideas, orientaci\u00f3n y conocimientos pr\u00e1cticos invaluables de nuestros expertos experimentados, quienes aportan su amplio conocimiento de la industria al aula virtual. Al participar activamente en este riguroso programa de capacitaci\u00f3n, los nuevos propietarios de franquicias obtienen una comprensi\u00f3n profunda de los aspectos clave y las mejores pr\u00e1cticas necesarias para sobresalir en la industria de la restauraci\u00f3n.<\/span><\/p>\n<p><span style=\"font-weight: 400;\">Seguimos inquebrantables en nuestro compromiso de brindarles a nuestros propietarios de franquicias una base s\u00f3lida a trav\u00e9s de este curso integral de capacitaci\u00f3n de 7 d\u00edas, asegurando que est\u00e9n completamente preparados y capacitados para lograr el \u00e9xito en sus esfuerzos de restauraci\u00f3n.<\/span><\/p>\n<p><span style=\"font-weight: 400;\">El curso est\u00e1 dirigido principalmente a nuevos propietarios de franquicias y cubre un amplio espectro de temas de restauraci\u00f3n, que incluyen:<\/span><\/p>\n<ul>\n<li style=\"font-weight: 400;\" aria-level=\"1\"><a href=\"https:\/\/www.911restorationnorthwestindiana.com\/es\/services\/water-damage-restoration-northwest-indiana\/\"><span style=\"font-weight: 400;\">Restauraci\u00f3n de da\u00f1os por agua<\/span><\/a><\/li>\n<li style=\"font-weight: 400;\" aria-level=\"1\"><a href=\"https:\/\/www.911restorationnorthwestindiana.com\/es\/services\/sewage-backup-in-northwest-indiana-near-you\/\"><span style=\"font-weight: 400;\">Limpieza de respaldo de alcantarillado<\/span><\/a><\/li>\n<li style=\"font-weight: 400;\" aria-level=\"1\"><a href=\"https:\/\/www.911restorationnorthwestindiana.com\/es\/services\/mold-removal-in-northwest-indiana\/\"><span style=\"font-weight: 400;\">Eliminaci\u00f3n de moho<\/span><\/a><\/li>\n<li style=\"font-weight: 400;\" aria-level=\"1\"><a href=\"https:\/\/www.911restorationnorthwestindiana.com\/es\/services\/fire-damage-restoration-in-northwest-indiana\/\"><span style=\"font-weight: 400;\">Restauraci\u00f3n de da\u00f1os por incendio y humo<\/span><\/a><\/li>\n<li style=\"font-weight: 400;\" aria-level=\"1\"><a href=\"https:\/\/www.911restorationnorthwestindiana.com\/es\/services\/disaster-and-storm-restoration-in-northwest-indiana\/\"><span style=\"font-weight: 400;\">Restauraci\u00f3n de desastres<\/span><\/a><\/li>\n<li style=\"font-weight: 400;\" aria-level=\"1\"><a href=\"https:\/\/www.911restorationnorthwestindiana.com\/es\/services\/sanitization-cleaning-services-northwest-indiana\/\"><span style=\"font-weight: 400;\">Servicios de desinfecci\u00f3n<\/span><\/a><\/li>\n<li style=\"font-weight: 400;\" aria-level=\"1\"><a href=\"https:\/\/www.911restorationnorthwestindiana.com\/es\/services\/commercial-property-damage-northwest-indiana\/\"><span style=\"font-weight: 400;\">Restauraci\u00f3n de Propiedad Comercial<\/span><\/a><\/li>\n<\/ul>\n<h2><span style=\"font-weight: 400;\">Recursos de aprendizaje electr\u00f3nico<\/span><\/h2>\n<p><span style=\"font-weight: 400;\">Todos nuestros franquiciados obtienen acceso a un programa de formaci\u00f3n basado en la web. A trav\u00e9s de esta iniciativa de capacitaci\u00f3n en l\u00ednea, nuestros franquiciados tienen la oportunidad de mejorar sus conocimientos y mantenerse actualizados con los avances de la industria. Pueden acceder a presentaciones en video y materiales de apoyo que les permiten a ellos, as\u00ed como al personal de su oficina, mantenerse actualizados sobre los est\u00e1ndares de la industria y mantener la calidad profesional que siempre puede esperar de 911 Restoration.<\/span><\/p>\n<p><span style=\"font-weight: 400;\">Creemos firmemente que invertir en capacitaci\u00f3n y educaci\u00f3n continua es crucial para brindar un servicio excepcional a nuestros clientes. Al equipar a nuestros franquiciados con los \u00faltimos conocimientos y mejores pr\u00e1cticas de la industria, nos aseguramos de que permanezcan a la vanguardia del campo de la restauraci\u00f3n, listos para brindarle un servicio y experiencia de primer nivel.<\/span><!--507cb--><!--507cb--><\/p>","protected":false},"excerpt":{"rendered":"<p>At 911 Restoration of Northwest Indiana, we take great pride in our team of highly skilled specialists who are certified by the IICRC, a testament to their excellence in the cleaning and restoration industry. Our experts located in various areas, including Cedar Lake, Chesterton, Crown Point, Demotte, consistently demonstrate their exceptional expertise in restoring textile [&hellip;]<\/p>\n","protected":false},"author":2,"featured_media":3839,"parent":0,"menu_order":0,"comment_status":"closed","ping_status":"closed","template":"","meta":{"_acf_changed":false,"footnotes":""},"class_list":["post-3995","page","type-page","status-publish","has-post-thumbnail","hentry"],"acf":[],"yoast_head":"<!-- This site is optimized with the Yoast SEO plugin v27.5 - https:\/\/yoast.com\/product\/yoast-seo-wordpress\/ -->\n<title>Certification and Training - Northwest Indiana<\/title>\n<meta name=\"description\" content=\"Learn about how our technicians receive certification and training by IICRC and the importance of hiring a certified restoration company.\" \/>\n<meta name=\"robots\" content=\"index, follow, max-snippet:-1, max-image-preview:large, max-video-preview:-1\" \/>\n<link rel=\"canonical\" href=\"https:\/\/www.911restorationnorthwestindiana.com\/es\/certification-and-training-northwest-indiana\/\" \/>\n<meta name=\"twitter:label1\" content=\"Tiempo de lectura\" \/>\n\t<meta name=\"twitter:data1\" content=\"4 minutos\" \/>\n<!-- \/ Yoast SEO plugin. -->","yoast_head_json":{"title":"Certification and Training - Northwest Indiana","description":"Learn about how our technicians receive certification and training by IICRC and the importance of hiring a certified restoration company.","robots":{"index":"index","follow":"follow","max-snippet":"max-snippet:-1","max-image-preview":"max-image-preview:large","max-video-preview":"max-video-preview:-1"},"canonical":"https:\/\/www.911restorationnorthwestindiana.com\/es\/certification-and-training-northwest-indiana\/","twitter_misc":{"Tiempo de lectura":"4 minutos"},"schema":{"@context":"https:\/\/schema.org","@graph":[{"@type":"WebPage","@id":"https:\/\/www.911restorationnorthwestindiana.com\/certification-and-training-northwest-indiana\/","url":"https:\/\/www.911restorationnorthwestindiana.com\/certification-and-training-northwest-indiana\/","name":"Certification and Training - Northwest Indiana","isPartOf":{"@id":"https:\/\/www.911restorationnorthwestindiana.com\/#website"},"primaryImageOfPage":{"@id":"https:\/\/www.911restorationnorthwestindiana.com\/certification-and-training-northwest-indiana\/#primaryimage"},"image":{"@id":"https:\/\/www.911restorationnorthwestindiana.com\/certification-and-training-northwest-indiana\/#primaryimage"},"thumbnailUrl":"https:\/\/www.911restorationnorthwestindiana.com\/wp-content\/uploads\/2022\/04\/home-banner-image-10.jpg","datePublished":"2023-09-14T16:58:11+00:00","description":"Learn about how our technicians receive certification and training by IICRC and the importance of hiring a certified restoration company.","breadcrumb":{"@id":"https:\/\/www.911restorationnorthwestindiana.com\/certification-and-training-northwest-indiana\/#breadcrumb"},"inLanguage":"es","potentialAction":[{"@type":"ReadAction","target":["https:\/\/www.911restorationnorthwestindiana.com\/certification-and-training-northwest-indiana\/"]}]},{"@type":"ImageObject","inLanguage":"es","@id":"https:\/\/www.911restorationnorthwestindiana.com\/certification-and-training-northwest-indiana\/#primaryimage","url":"https:\/\/www.911restorationnorthwestindiana.com\/wp-content\/uploads\/2022\/04\/home-banner-image-10.jpg","contentUrl":"https:\/\/www.911restorationnorthwestindiana.com\/wp-content\/uploads\/2022\/04\/home-banner-image-10.jpg","width":1200,"height":400,"caption":"home-banner-image"},{"@type":"BreadcrumbList","@id":"https:\/\/www.911restorationnorthwestindiana.com\/certification-and-training-northwest-indiana\/#breadcrumb","itemListElement":[{"@type":"ListItem","position":1,"name":"Home","item":"https:\/\/www.911restorationnorthwestindiana.com\/"},{"@type":"ListItem","position":2,"name":"Certification and Training"}]},{"@type":"WebSite","@id":"https:\/\/www.911restorationnorthwestindiana.com\/#website","url":"https:\/\/www.911restorationnorthwestindiana.com\/","name":"Noroeste de Indiana","description":"(219) 255-4163","potentialAction":[{"@type":"SearchAction","target":{"@type":"EntryPoint","urlTemplate":"https:\/\/www.911restorationnorthwestindiana.com\/?s={search_term_string}"},"query-input":{"@type":"PropertyValueSpecification","valueRequired":true,"valueName":"search_term_string"}}],"inLanguage":"es"}]}},"_links":{"self":[{"href":"https:\/\/www.911restorationnorthwestindiana.com\/es\/wp-json\/wp\/v2\/pages\/3995","targetHints":{"allow":["GET"]}}],"collection":[{"href":"https:\/\/www.911restorationnorthwestindiana.com\/es\/wp-json\/wp\/v2\/pages"}],"about":[{"href":"https:\/\/www.911restorationnorthwestindiana.com\/es\/wp-json\/wp\/v2\/types\/page"}],"author":[{"embeddable":true,"href":"https:\/\/www.911restorationnorthwestindiana.com\/es\/wp-json\/wp\/v2\/users\/2"}],"replies":[{"embeddable":true,"href":"https:\/\/www.911restorationnorthwestindiana.com\/es\/wp-json\/wp\/v2\/comments?post=3995"}],"version-history":[{"count":1,"href":"https:\/\/www.911restorationnorthwestindiana.com\/es\/wp-json\/wp\/v2\/pages\/3995\/revisions"}],"predecessor-version":[{"id":3997,"href":"https:\/\/www.911restorationnorthwestindiana.com\/es\/wp-json\/wp\/v2\/pages\/3995\/revisions\/3997"}],"wp:featuredmedia":[{"embeddable":true,"href":"https:\/\/www.911restorationnorthwestindiana.com\/es\/wp-json\/wp\/v2\/media\/3839"}],"wp:attachment":[{"href":"https:\/\/www.911restorationnorthwestindiana.com\/es\/wp-json\/wp\/v2\/media?parent=3995"}],"curies":[{"name":"wp","href":"https:\/\/api.w.org\/{rel}","templated":true}]}}