{"id":3970,"date":"2023-08-11T13:49:11","date_gmt":"2023-08-11T20:49:11","guid":{"rendered":"https:\/\/www.911restorationnorthwestindiana.com\/?page_id=3970"},"modified":"2023-12-12T04:43:28","modified_gmt":"2023-12-12T12:43:28","slug":"services","status":"publish","type":"page","link":"https:\/\/www.911restorationnorthwestindiana.com\/es\/services\/","title":{"rendered":"Servicios"},"content":{"rendered":"<h2><span style=\"font-weight: 400;\">Restauraci\u00f3n de da\u00f1os por agua en el noroeste de Indiana<\/span><\/h2>\n<p class=\"translation-block\"><span style=\"font-weight: 400\">Bienvenido a 911 Restoration of Northwest Indiana, su socio de confianza para <a href=\"https:\/\/www.911restorationnorthwestindiana.com\/es\/services\/water-damage-restoration-northwest- indiana\/\" target=\"_self\">servicios de restauraci\u00f3n de da\u00f1os por agua<\/a>. Cuando el agua causa estragos en su propiedad, nuestro equipo de expertos est\u00e1 aqu\u00ed para brindarle soluciones de restauraci\u00f3n eficientes y exhaustivas. Nuestro proceso comienza con una evaluaci\u00f3n detallada del da\u00f1o, identificando la fuente y el alcance de la intrusi\u00f3n de agua. Nuestros t\u00e9cnicos capacitados entran r\u00e1pidamente en acci\u00f3n, utilizando equipos avanzados para extraer el agua estancada e iniciar procedimientos de secado completos. <\/span><\/p>\n<p><span style=\"font-weight: 400;\">No solo abordamos el da\u00f1o visible sino tambi\u00e9n la humedad oculta para evitar el crecimiento de moho y problemas estructurales. Con nuestros profesionales certificados por el IICRC, una respuesta r\u00e1pida y planes de restauraci\u00f3n personalizados, su propiedad se transformar\u00e1 a su estado anterior a los da\u00f1os, garantizando su tranquilidad.<\/span><\/p>\n<h2><img loading=\"lazy\" decoding=\"async\" class=\"aligncenter wp-image-3971 size-full\" src=\"https:\/\/www.911restorationnorthwestindiana.com\/wp-content\/uploads\/2023\/08\/247-WATER-DAMAGE-2-3.jpg\" alt=\"water damage restoration\" width=\"600\" height=\"400\" srcset=\"https:\/\/www.911restorationnorthwestindiana.com\/wp-content\/uploads\/2023\/08\/247-WATER-DAMAGE-2-3.jpg 600w, https:\/\/www.911restorationnorthwestindiana.com\/wp-content\/uploads\/2023\/08\/247-WATER-DAMAGE-2-3-300x200.jpg 300w\" sizes=\"auto, (max-width: 600px) 100vw, 600px\" \/><\/h2>\n<p>Nuestros t\u00e9cnicos est\u00e1n completamente capacitados y se mantienen al d\u00eda con las \u00faltimas actualizaciones. Por lo tanto, puede estar seguro de que le brindar\u00e1n servicios integrales de restauraci\u00f3n de da\u00f1os para su propiedad comercial.<\/p>\n<p class=\"translation-block\">Nuestro objetivo es ayudarlo a reanudar sus actividades de manera segura lo antes posible y nuestros equipos har\u00e1n todo lo posible para hacerlo posible. Ll\u00e1menos al <a href=\"tel:(219) 255-4163\" target=\"_self\">(219) 255-4163<\/a> inmediatamente para una inspecci\u00f3n gratuita de su propiedad residencial o comercial.<\/p>\n<h2><span style=\"font-weight: 400;\">Servicios de desinfecci\u00f3n y soluciones de desinfecci\u00f3n<\/span><\/h2>\n<p class=\"translation-block\"><span style=\"font-weight: 400\">En 911 Restoration of Northwest Indiana, entendemos la importancia de crear un ambiente seguro y saludable despu\u00e9s de los da\u00f1os causados por el agua. Nuestros <a href=\"https:\/\/www.911restorationnorthwestindiana.com\/es\/services\/sanitization-cleaning-services-northwest-indiana\/\" target=\"_self\">servicios de sanitizaci\u00f3n y soluciones de desinfecci\u00f3n<\/a> van m\u00e1s all\u00e1 de la restauraci\u00f3n para garantizar que su propiedad est\u00e1 libre de contaminantes y pat\u00f3genos. Nuestro equipo experimentado emplea t\u00e9cnicas l\u00edderes en la industria y desinfectantes aprobados por la EPA para desinfectar todas las \u00e1reas afectadas. Eliminamos meticulosamente bacterias, moho y olores, asegurando que su propiedad no solo est\u00e9 visualmente restaurada sino tambi\u00e9n segura para habitar. Con nuestro compromiso de brindar una excelente comunicaci\u00f3n y un servicio de calidad, puede confiar en nosotros para restaurar su propiedad y dejarla en condiciones limpias e higi\u00e9nicas.<\/span><\/p>\n<h2><span style=\"font-weight: 400;\">Eliminaci\u00f3n y eliminaci\u00f3n de moho despu\u00e9s de da\u00f1os por agua<\/span><\/h2>\n<p class=\"translation-block\"><span style=\"font-weight: 400\">Los da\u00f1os causados por el agua a menudo provocan el crecimiento de moho, lo que plantea riesgos para la salud y un mayor deterioro de la propiedad. 911 Restoration of Northwest Indiana se especializa en <a href=\"https:\/\/www.911restorationnorthwestindiana.com\/es\/services\/mold-removal-in-northwest-indiana\/\" target=\"_self\">servicios integrales de eliminaci\u00f3n y eliminaci\u00f3n de moho<\/a>. Nuestro equipo lleva a cabo una inspecci\u00f3n exhaustiva del moho para identificar las \u00e1reas afectadas y evaluar el alcance de la infestaci\u00f3n. Con equipos de \u00faltima generaci\u00f3n y metodolog\u00edas comprobadas, eliminamos eficazmente el moho y evitamos su regreso. No nos limitamos a enmascarar el problema; abordamos la causa ra\u00edz para garantizar una soluci\u00f3n duradera. Nuestros t\u00e9cnicos certificados por el IICRC trabajan incansablemente para restaurar la calidad del aire y la integridad estructural de su propiedad, ofreci\u00e9ndole un nuevo comienzo despu\u00e9s de da\u00f1os por agua y problemas de moho.<\/span><\/p>\n<h2><span style=\"font-weight: 400;\">Respaldo y limpieza de aguas residuales<\/span><\/h2>\n<p class=\"translation-block\"><span style=\"font-weight: 400\">La acumulaci\u00f3n de aguas residuales es una situaci\u00f3n angustiosa que requiere atenci\u00f3n inmediata. Nos especializamos en respaldo y limpieza de aguas residuales, brindando soluciones r\u00e1pidas y exhaustivas para mitigar los riesgos para la salud y los da\u00f1os a la propiedad. Nuestro equipo de expertos llega puntualmente con el <a href=\"https:\/\/www.911restorationnorthwestindiana.com\/es\/services\/sewage-backup-in-northwest-indiana-near-you\/\" target=\"_self\">equipo para contener y eliminar las aguas residuales<\/a>, asegurando que su propiedad vuelva a estar en condiciones seguras y sanitarias. Seguimos protocolos estrictos para prevenir la contaminaci\u00f3n cruzada y eliminar adecuadamente los residuos. Con nuestros servicios de restauraci\u00f3n locales en el noroeste de Indiana, estamos aqu\u00ed para guiarlo a trav\u00e9s de esta situaci\u00f3n desafiante, ofreciendo servicios de limpieza de respaldo de aguas residuales eficientes y compasivos.<\/span><\/p>\n<h2><span style=\"font-weight: 400;\">Restauraci\u00f3n de da\u00f1os por fuego y humo<\/span><\/h2>\n<p class=\"translation-block\"><span style=\"font-weight: 400\">Entendemos el impacto devastador de <a href=\"https:\/\/www.911restorationnorthwestindiana.com\/es\/services\/fire-damage-restoration-in-northwest-indiana\/\" target=\"_self\">da\u00f1os por incendio y humo en su propiedad<\/a>. Nuestro equipo experimentado se especializa en servicios integrales de restauraci\u00f3n de da\u00f1os por incendio y humo, destinados a restaurar su propiedad a su condici\u00f3n anterior al incendio. Comenzamos con una evaluaci\u00f3n meticulosa para determinar el alcance del da\u00f1o y crear un plan de restauraci\u00f3n personalizado. Nuestros t\u00e9cnicos certificados utilizan t\u00e9cnicas y equipos avanzados para eliminar el holl\u00edn, los residuos de humo y el olor, lo que garantiza un proceso de restauraci\u00f3n completo y eficaz. Con nuestros expertos certificados por el IICRC, una respuesta r\u00e1pida y un compromiso con una excelente comunicaci\u00f3n y un servicio de calidad, puede confiar en nosotros para guiarlo en el proceso de restauraci\u00f3n de su propiedad despu\u00e9s de un incidente de incendio.<\/span><\/p>\n<h3><span style=\"font-weight: 400;\">Servicios certificados de restauraci\u00f3n de da\u00f1os por incendio y humo<\/span><\/h3>\n<p class=\"translation-block\"><span style=\"font-weight: 400\">Nuestro <a href=\"https:\/\/www.911restorationnorthwestindiana.com\/es\/services\/fire-damage-restoration-in-northwest-indiana\/\" target=\"_self \">Los servicios de restauraci\u00f3n de da\u00f1os por incendio y humo<\/a> est\u00e1n respaldados por el Instituto de Certificaci\u00f3n de Inspecci\u00f3n, Limpieza y Restauraci\u00f3n (IICRC), lo que garantiza que usted reciba el m\u00e1s alto nivel de experiencia y profesionalismo. Nuestro equipo est\u00e1 ampliamente capacitado para manejar diversos aspectos de los da\u00f1os por incendio y humo, desde reparaciones estructurales hasta la eliminaci\u00f3n de olores. Trabajamos incansablemente para devolver su propiedad a su estado original, ofreciendo un nuevo comienzo despu\u00e9s de la devastaci\u00f3n del incendio. Con nuestros t\u00e9cnicos certificados, nuestro enfoque compasivo y nuestra dedicaci\u00f3n a la calidad, estamos aqu\u00ed para apoyarlo en cada paso del camino.<\/span><\/p>\n<h2><span style=\"font-weight: 400;\">Restauraci\u00f3n de desastres<\/span><\/h2>\n<p class=\"translation-block\"><span style=\"font-weight: 400\">Cuando ocurre un desastre, 911 Restoration of Northwest Indiana es su socio confiable para servicios de restauraci\u00f3n. Nuestro equipo capacitado est\u00e1 equipado para manejar varios tipos de <a href=\"https:\/\/www.911restorationnorthwestindiana.com\/es\/services\/disaster-and-storm-restoration-in-northwest-indiana\/\" target=\"_self\"> desastres, incluidas inundaciones, tormentas y fen\u00f3menos naturales<\/a>. Entendemos la urgencia de la situaci\u00f3n y brindamos una respuesta r\u00e1pida para mitigar da\u00f1os mayores. Nuestros expertos realizan evaluaciones exhaustivas, crean planes de restauraci\u00f3n personalizados y utilizan equipos de \u00faltima generaci\u00f3n para restaurar su propiedad de manera eficiente. Con nuestros servicios de restauraci\u00f3n locales y certificados, estamos aqu\u00ed para restaurar no solo su propiedad, sino tambi\u00e9n su tranquilidad.<\/span><\/p>\n<h2><span style=\"font-weight: 400;\">Restauraci\u00f3n de da\u00f1os por agua a propiedades comerciales<\/span><\/h2>\n<p class=\"translation-block\"><span style=\"font-weight: 400\">Nuestro <a href=\"https:\/\/www.911restorationnorthwestindiana.com\/es\/services\/commercial-property-damage-northwest-indiana\/\" target=\"_self\"> Los servicios de restauraci\u00f3n de da\u00f1os por agua en propiedades comerciales<\/a> est\u00e1n dise\u00f1ados para satisfacer las necesidades \u00fanicas de las empresas en el noroeste de Indiana. Reconocemos que los da\u00f1os causados por el agua pueden alterar las operaciones y afectar sus resultados. Nuestro equipo de expertos se especializa en servicios locales y certificados de restauraci\u00f3n de da\u00f1os a la propiedad para propiedades comerciales. Trabajamos de manera eficiente para minimizar el tiempo de inactividad, eliminar el agua, secar las \u00e1reas afectadas y restaurar su negocio a su estado anterior al da\u00f1o. Con nuestra experiencia en restauraci\u00f3n comercial, excelente comunicaci\u00f3n y servicio de calidad, somos su socio para afrontar los desaf\u00edos de los da\u00f1os causados por el agua en el entorno empresarial.<\/span><\/p>\n<h3><span style=\"font-weight: 400;\">Servicios de restauraci\u00f3n de da\u00f1os a la propiedad locales y certificados<\/span><\/h3>\n<p class=\"translation-block\"><span style=\"font-weight: 400\">Nuestro compromiso con los servicios locales y certificados de restauraci\u00f3n de da\u00f1os a la propiedad nos distingue. Entendemos los matices del \u00e1rea del noroeste de Indiana y adaptamos nuestras soluciones para abordar los desaf\u00edos espec\u00edficos que enfrentan las propiedades locales. Nuestros <a href=\"http:\/\/iicrc.org\" target=\"_blank\" rel=\"noopener\">profesionales certificados por IICRC<\/a> tienen el conocimiento y la habilidad para proporcionar una restauraci\u00f3n eficaz y eficiente, ya sea para viviendas residenciales o propiedades comerciales. Con nuestra presencia local, dedicaci\u00f3n a una excelente comunicaci\u00f3n y compromiso con un servicio de calidad, puede confiar en nosotros para restaurar su propiedad y devolverle la vida.<\/span><\/p>\n<p class=\"translation-block\"><span style=\"font-weight: 400\">Con el compromiso de ofrecer una excelente comunicaci\u00f3n y un servicio de calidad, nos aseguramos de que su propiedad est\u00e9 en buenas manos. Comun\u00edquese con nosotros al <a href=\"tel:(219) 255-4163\" target=\"_self\">(219) 255-4163<\/a> para obtener asistencia inmediata o visite nuestro sitio corporativo para obtener m\u00e1s informaci\u00f3n sobre nuestra restauraci\u00f3n integral. servicios. Perm\u00edtanos ser su socio en la restauraci\u00f3n de su propiedad y brindarle un nuevo comienzo.<\/span><\/p>\n<p class=\"translation-block\"><strong>Sirviendo con orgullo<\/strong>: Cedar Lake, Chesterton, Crown Point, Demotte, Dyer, East Chicago, Fair Oaks, Gary, Griffith, Hammond, Hebron, Highland, Hobart, Kouts, Lake Station, Lake Village, Lowell, Merrillville, Munster, Portage, Saint John, Schererville, Valpara\u00edso, Westville, Wheatfield, Whiting.<\/p>\n<p><iframe loading=\"lazy\" style=\"border: 0;\" src=\"https:\/\/www.google.com\/maps\/embed?pb=!1m18!1m12!1m3!1d95619.41111151557!2d-87.4430735614627!3d41.50196474407154!2m3!1f0!2f0!3f0!3m2!1i1024!2i768!4f13.1!3m3!1m2!1s0x8811e52cc09755cb%3A0xf665d4355fdff3c8!2s911%20Restoration%20of%20Northwest%20Indiana!5e0!3m2!1sen!2sus!4v1696437126101!5m2!1sen!2sus\" width=\"100%\" height=\"325\" allowfullscreen=\"allowfullscreen\"><span data-mce-type=\"bookmark\" style=\"display: inline-block; width: 0px; overflow: hidden; line-height: 0;\" class=\"mce_SELRES_start\"><\/span><\/iframe><\/p>","protected":false},"excerpt":{"rendered":"<p>Water Damage Restoration in Northwest Indiana Welcome to 911 Restoration of Northwest Indiana, your trusted partner for water damage restoration services. When water wreaks havoc on your property, our expert team is here to provide efficient and thorough restoration solutions. Our process begins with a detailed assessment of the damage, identifying the source and extent [&hellip;]<\/p>\n","protected":false},"author":2,"featured_media":4031,"parent":0,"menu_order":0,"comment_status":"closed","ping_status":"closed","template":"page-service-areas-landing.php","meta":{"_acf_changed":false,"footnotes":""},"class_list":["post-3970","page","type-page","status-publish","has-post-thumbnail","hentry"],"acf":[],"yoast_head":"<!-- This site is optimized with the Yoast SEO plugin v27.5 - https:\/\/yoast.com\/product\/yoast-seo-wordpress\/ -->\n<title>Restoration services - Northwest Indiana<\/title>\n<meta name=\"description\" content=\"Property damage restoration services in Northwest Indiana. Call 911 Restoration of Northwest Indiana today for a Fresh Start! 45 min ETA!\" \/>\n<meta name=\"robots\" content=\"index, follow, max-snippet:-1, max-image-preview:large, max-video-preview:-1\" \/>\n<link rel=\"canonical\" href=\"https:\/\/www.911restorationnorthwestindiana.com\/es\/services\/\" \/>\n<meta name=\"twitter:label1\" content=\"Tiempo de lectura\" \/>\n\t<meta name=\"twitter:data1\" content=\"5 minutos\" \/>\n<!-- \/ Yoast SEO plugin. -->","yoast_head_json":{"title":"Restoration services - Northwest Indiana","description":"Property damage restoration services in Northwest Indiana. Call 911 Restoration of Northwest Indiana today for a Fresh Start! 45 min ETA!","robots":{"index":"index","follow":"follow","max-snippet":"max-snippet:-1","max-image-preview":"max-image-preview:large","max-video-preview":"max-video-preview:-1"},"canonical":"https:\/\/www.911restorationnorthwestindiana.com\/es\/services\/","twitter_misc":{"Tiempo de lectura":"5 minutos"},"schema":{"@context":"https:\/\/schema.org","@graph":[{"@type":"WebPage","@id":"https:\/\/www.911restorationnorthwestindiana.com\/services\/","url":"https:\/\/www.911restorationnorthwestindiana.com\/services\/","name":"Restoration services - Northwest Indiana","isPartOf":{"@id":"https:\/\/www.911restorationnorthwestindiana.com\/#website"},"primaryImageOfPage":{"@id":"https:\/\/www.911restorationnorthwestindiana.com\/services\/#primaryimage"},"image":{"@id":"https:\/\/www.911restorationnorthwestindiana.com\/services\/#primaryimage"},"thumbnailUrl":"https:\/\/www.911restorationnorthwestindiana.com\/wp-content\/uploads\/2023\/12\/service-page-banner.png","datePublished":"2023-08-11T20:49:11+00:00","dateModified":"2023-12-12T12:43:28+00:00","description":"Property damage restoration services in Northwest Indiana. Call 911 Restoration of Northwest Indiana today for a Fresh Start! 45 min ETA!","breadcrumb":{"@id":"https:\/\/www.911restorationnorthwestindiana.com\/services\/#breadcrumb"},"inLanguage":"es","potentialAction":[{"@type":"ReadAction","target":["https:\/\/www.911restorationnorthwestindiana.com\/services\/"]}]},{"@type":"ImageObject","inLanguage":"es","@id":"https:\/\/www.911restorationnorthwestindiana.com\/services\/#primaryimage","url":"https:\/\/www.911restorationnorthwestindiana.com\/wp-content\/uploads\/2023\/12\/service-page-banner.png","contentUrl":"https:\/\/www.911restorationnorthwestindiana.com\/wp-content\/uploads\/2023\/12\/service-page-banner.png","width":1200,"height":368},{"@type":"BreadcrumbList","@id":"https:\/\/www.911restorationnorthwestindiana.com\/services\/#breadcrumb","itemListElement":[{"@type":"ListItem","position":1,"name":"Home","item":"https:\/\/www.911restorationnorthwestindiana.com\/"},{"@type":"ListItem","position":2,"name":"Services"}]},{"@type":"WebSite","@id":"https:\/\/www.911restorationnorthwestindiana.com\/#website","url":"https:\/\/www.911restorationnorthwestindiana.com\/","name":"Noroeste de Indiana","description":"(219) 255-4163","potentialAction":[{"@type":"SearchAction","target":{"@type":"EntryPoint","urlTemplate":"https:\/\/www.911restorationnorthwestindiana.com\/?s={search_term_string}"},"query-input":{"@type":"PropertyValueSpecification","valueRequired":true,"valueName":"search_term_string"}}],"inLanguage":"es"}]}},"_links":{"self":[{"href":"https:\/\/www.911restorationnorthwestindiana.com\/es\/wp-json\/wp\/v2\/pages\/3970","targetHints":{"allow":["GET"]}}],"collection":[{"href":"https:\/\/www.911restorationnorthwestindiana.com\/es\/wp-json\/wp\/v2\/pages"}],"about":[{"href":"https:\/\/www.911restorationnorthwestindiana.com\/es\/wp-json\/wp\/v2\/types\/page"}],"author":[{"embeddable":true,"href":"https:\/\/www.911restorationnorthwestindiana.com\/es\/wp-json\/wp\/v2\/users\/2"}],"replies":[{"embeddable":true,"href":"https:\/\/www.911restorationnorthwestindiana.com\/es\/wp-json\/wp\/v2\/comments?post=3970"}],"version-history":[{"count":7,"href":"https:\/\/www.911restorationnorthwestindiana.com\/es\/wp-json\/wp\/v2\/pages\/3970\/revisions"}],"predecessor-version":[{"id":4051,"href":"https:\/\/www.911restorationnorthwestindiana.com\/es\/wp-json\/wp\/v2\/pages\/3970\/revisions\/4051"}],"wp:featuredmedia":[{"embeddable":true,"href":"https:\/\/www.911restorationnorthwestindiana.com\/es\/wp-json\/wp\/v2\/media\/4031"}],"wp:attachment":[{"href":"https:\/\/www.911restorationnorthwestindiana.com\/es\/wp-json\/wp\/v2\/media?parent=3970"}],"curies":[{"name":"wp","href":"https:\/\/api.w.org\/{rel}","templated":true}]}}