{"id":3962,"date":"2023-08-11T13:51:17","date_gmt":"2023-08-11T20:51:17","guid":{"rendered":"https:\/\/www.911restorationnorthwestindiana.com\/?page_id=3962"},"modified":"2023-10-04T09:40:42","modified_gmt":"2023-10-04T16:40:42","slug":"water-damage-company","status":"publish","type":"page","link":"https:\/\/www.911restorationnorthwestindiana.com\/es\/water-damage-company\/","title":{"rendered":"Compa\u00f1\u00eda de da\u00f1os por agua del noroeste de Indiana"},"content":{"rendered":"<h2><span style=\"font-weight: 400;\">Restauraci\u00f3n certificada de da\u00f1os por agua e incendio en el noroeste de Indiana<\/span><\/h2>\n<p><span style=\"font-weight: 400;\">En 911 Restoration of Northwest Indiana, nos enorgullecemos de ofrecer servicios certificados de restauraci\u00f3n de da\u00f1os por agua e incendio en todo el noroeste de Indiana y las \u00e1reas adyacentes. Nuestro distinguido equipo de profesionales certificados cuenta con una amplia capacitaci\u00f3n y posee certificaciones est\u00e1ndar de la industria, lo que les permite abordar una amplia gama de proyectos de restauraci\u00f3n con una precisi\u00f3n y experiencia inigualables.<\/span><\/p>\n<p><span style=\"font-weight: 400;\">Cuando ocurre el desafortunado evento de da\u00f1o por agua, ya sea causado por tuber\u00edas rotas, inundaciones o cualquier otro percance relacionado con el agua, nuestros t\u00e9cnicos certificados entran en acci\u00f3n de inmediato. Eval\u00faan meticulosamente el alcance del da\u00f1o y elaboran una estrategia de restauraci\u00f3n hecha a medida. Armados con equipos y t\u00e9cnicas de \u00faltima generaci\u00f3n, extraemos agua r\u00e1pidamente, facilitamos el proceso de secado en las \u00e1reas afectadas y restauramos diligentemente su propiedad a su estado original antes del da\u00f1o.<\/span><\/p>\n<p><span style=\"font-weight: 400;\">Nuestro conjunto integral de servicios abarca un amplio espectro, que va desde restauraci\u00f3n de da\u00f1os por agua, limpieza de obstrucciones de alcantarillado y eliminaci\u00f3n de moho, hasta restauraci\u00f3n de da\u00f1os por fuego y humo, recuperaci\u00f3n de desastres, servicios de desinfecci\u00f3n, restauraci\u00f3n de propiedades comerciales e incluso limpieza de la escena del crimen. Este extenso repertorio refleja nuestro compromiso de abordar una gran cantidad de necesidades de restauraci\u00f3n y facilitar el rejuvenecimiento de propiedades y vidas en toda la regi\u00f3n del noroeste de Indiana.<\/span><\/p>\n<h2><span style=\"font-weight: 400;\">Respuesta r\u00e1pida a da\u00f1os por agua e incendio en el noroeste de Indiana<\/span><\/h2>\n<p><span style=\"font-weight: 400;\">911 Restoration of Northwest Indiana est\u00e1 a la vanguardia de la respuesta r\u00e1pida y eficiente a da\u00f1os causados por agua e incendios en todo el noroeste de Indiana y las regiones vecinas. Nuestro dedicado equipo comprende la urgencia inherente a tales situaciones y est\u00e1 listo para brindar asistencia inmediata cuando ocurre un desastre.\u00a0<\/span><\/p>\n<p><span style=\"font-weight: 400;\">En casos de emergencias por da\u00f1os por agua causadas por diversos factores, como roturas de tuber\u00edas o inundaciones, nuestros t\u00e9cnicos certificados de respuesta r\u00e1pida eval\u00faan r\u00e1pidamente el alcance del da\u00f1o y dise\u00f1an un plan de acci\u00f3n personalizado. Aprovechando herramientas y metodolog\u00edas avanzadas, extraemos h\u00e1bilmente el exceso de agua, iniciamos procedimientos de secado exhaustivos y restauramos meticulosamente su propiedad a su estado anterior al da\u00f1o.<\/span><\/p>\n<p><span style=\"font-weight: 400;\">De manera similar, cuando nos enfrentamos a las secuelas de incidentes de incendio y humo, nuestros profesionales capacitados act\u00faan r\u00e1pidamente para mitigar la destrucci\u00f3n. Evaluamos exhaustivamente los da\u00f1os, abordamos los residuos de humo y restauramos diligentemente las \u00e1reas comprometidas, todo ello mientras cumplimos con los m\u00e1s altos est\u00e1ndares de restauraci\u00f3n.<\/span><\/p>\n<p><span style=\"font-weight: 400;\">En 911 Restoration of Northwest Indiana, nuestro compromiso de brindar servicios de restauraci\u00f3n r\u00e1pidos, eficientes y certificados subraya nuestra misi\u00f3n de facilitar la recuperaci\u00f3n y renovaci\u00f3n de propiedades y vidas frente a desastres inesperados.<\/span><\/p>\n<p><span style=\"font-weight: 400;\">Algunos de nuestros servicios incluyen, pero no se limitan a:<\/span><\/p>\n<ul>\n<li style=\"font-weight: 400;\" aria-level=\"1\"><a href=\"https:\/\/www.911restorationnorthwestindiana.com\/es\/services\/water-damage-restoration-northwest-indiana\/\"><span style=\"font-weight: 400;\">Restauraci\u00f3n de da\u00f1os por agua<\/span><\/a><\/li>\n<li style=\"font-weight: 400;\" aria-level=\"1\"><a href=\"https:\/\/www.911restorationnorthwestindiana.com\/es\/services\/sewage-backup-in-northwest-indiana-near-you\/\"><span style=\"font-weight: 400;\">Limpieza de respaldo de alcantarillado<\/span><\/a><\/li>\n<li style=\"font-weight: 400;\" aria-level=\"1\"><a href=\"https:\/\/www.911restorationnorthwestindiana.com\/es\/services\/mold-removal-in-northwest-indiana\/\"><span style=\"font-weight: 400;\">Eliminaci\u00f3n de moho<\/span><\/a><\/li>\n<li style=\"font-weight: 400;\" aria-level=\"1\"><a href=\"https:\/\/www.911restorationnorthwestindiana.com\/es\/services\/fire-damage-restoration-in-northwest-indiana\/\"><span style=\"font-weight: 400;\">Restauraci\u00f3n de da\u00f1os por incendio y humo<\/span><\/a><\/li>\n<li style=\"font-weight: 400;\" aria-level=\"1\"><a href=\"https:\/\/www.911restorationnorthwestindiana.com\/es\/services\/disaster-and-storm-restoration-in-northwest-indiana\/\"><span style=\"font-weight: 400;\">Restauraci\u00f3n de desastres<\/span><\/a><\/li>\n<li style=\"font-weight: 400;\" aria-level=\"1\"><a href=\"https:\/\/www.911restorationnorthwestindiana.com\/es\/services\/sanitization-cleaning-services-northwest-indiana\/\"><span style=\"font-weight: 400;\">Servicios de desinfecci\u00f3n<\/span><\/a><\/li>\n<li style=\"font-weight: 400;\" aria-level=\"1\"><a href=\"https:\/\/www.911restorationnorthwestindiana.com\/es\/services\/commercial-property-damage-northwest-indiana\/\"><span style=\"font-weight: 400;\">Restauraci\u00f3n de Propiedad Comercial<\/span><\/a><\/li>\n<\/ul>\n<h2><span style=\"font-weight: 400;\">Respuesta de restauraci\u00f3n ante desastres r\u00e1pida y confiable: \u00a1ETA de 45 minutos!<\/span><\/h2>\n<p><span style=\"font-weight: 400;\">Experimente la seguridad incomparable de una respuesta de restauraci\u00f3n ante desastres r\u00e1pida y confiable con 911 Restoration of Antelope Valley. Nuestro compromiso con la acci\u00f3n r\u00e1pida nos distingue, ya que garantizamos un impresionante tiempo estimado de llegada (ETA) de 45 minutos para abordar r\u00e1pidamente las emergencias. Cuando ocurre un desastre, ya sea da\u00f1os por agua, incendios u otras calamidades imprevistas, estamos preparados para entrar en acci\u00f3n, garantizando que su propiedad y su tranquilidad est\u00e9n salvaguardadas.<\/span><\/p>\n<p><span style=\"font-weight: 400;\">Nuestro dedicado equipo comprende la urgencia que acompa\u00f1a a las situaciones de desastre, y nuestra notable ETA de 45 minutos refleja nuestra determinaci\u00f3n de aliviar la angustia y minimizar da\u00f1os mayores. Cada segundo cuenta, nuestros profesionales capacitados llegan puntualmente, equipados con la experiencia y el equipo de \u00faltima generaci\u00f3n necesarios para evaluar la situaci\u00f3n, contener la crisis e iniciar el proceso de restauraci\u00f3n. Cuente con 911 Restoration of Antelope Valley para obtener una respuesta r\u00e1pida y confiable que lo encamine hacia la recuperaci\u00f3n sin demora.<\/span><\/p>\n<h2><span style=\"font-weight: 400;\">Servicios de restauraci\u00f3n de agua y incendios del noroeste de Indiana con un nuevo comienzo<\/span><\/h2>\n<p><span style=\"font-weight: 400;\">Presentamos 911 Restoration of Antelope Valley, su socio en servicios integrales de restauraci\u00f3n de agua y incendios en todo el noroeste de Indiana. Aportamos una perspectiva de \"nuevo comienzo\" a cada esfuerzo de restauraci\u00f3n, que incorpora el compromiso de rejuvenecer su propiedad y brindarle una renovada sensaci\u00f3n de seguridad. Ya sea que se enfrente a las secuelas de da\u00f1os por agua, incidentes de incendio y humo u otros desastres imprevistos, nuestros profesionales capacitados est\u00e1n equipados con la experiencia y la empat\u00eda para guiarlo a lo largo del proceso de restauraci\u00f3n.<\/span><\/p>\n<p><span style=\"font-weight: 400;\">Nuestro enfoque de \"nuevo comienzo\" significa una dedicaci\u00f3n no solo a restaurar su propiedad sino tambi\u00e9n a revitalizar su sensaci\u00f3n de bienestar. Cuando se enfrenta a desaf\u00edos relacionados con el agua, como tuber\u00edas rotas o inundaciones, nuestro equipo eval\u00faa r\u00e1pidamente el alcance del da\u00f1o, implementa procesos eficientes de extracci\u00f3n y secado de agua y restaura su propiedad a su estado anterior al da\u00f1o. Del mismo modo, tras una emergencia de incendio, nuestros expertos eliminan diligentemente el holl\u00edn, reparan da\u00f1os estructurales y restauran las \u00e1reas afectadas, todo ello haciendo hincapi\u00e9 en la seguridad y la transparencia. En 911 Restoration of Antelope Valley, somos m\u00e1s que expertos en restauraci\u00f3n; somos socios en su b\u00fasqueda de un nuevo comienzo despu\u00e9s de que ocurra un desastre.<\/span><\/p>\n<h2><span style=\"font-weight: 400;\">Preguntas frecuentes<\/span><\/h2>\n<h3><span style=\"font-weight: 400;\">P: \u00bfCu\u00e1nto tiempo tardan los da\u00f1os causados por el agua en afectar su hogar?<\/span><\/h3>\n<p class=\"translation-block\"><span style=\"font-weight: 400\">El cronograma para que los da\u00f1os por agua afecten su hogar puede variar seg\u00fan la fuente, el volumen y la duraci\u00f3n de la exposici\u00f3n al agua. <\/span><span style=\"font-weight: 400\">Pueden ocurrir da\u00f1os inmediatos en cuesti\u00f3n de horas, particularmente en materiales porosos como paneles de yeso, madera y tapizados. <\/span><span style=\"font-weight: 400\">Dentro de 24 a 48 horas, puede comenzar el crecimiento de moho y hongos, especialmente en condiciones h\u00famedas y h\u00famedas. <\/span><span style=\"font-weight: 400\">La exposici\u00f3n prolongada puede provocar da\u00f1os estructurales, cimientos comprometidos y posibles riesgos para la salud.<\/span><\/p>\n<h3><span style=\"font-weight: 400;\">P: \u00bfPueden los da\u00f1os causados por el agua causar moho?<\/span><\/h3>\n<p class=\"translation-block\"><span style=\"font-weight: 400\">S\u00ed, el da\u00f1o causado por el agua puede provocar el crecimiento de moho. El moho prospera en ambientes h\u00famedos y puede comenzar a desarrollarse dentro de las 24 a 48 horas posteriores a la exposici\u00f3n al agua. <\/span><span style=\"font-weight: 400\">El moho puede causar problemas de salud, especialmente en personas con alergias, problemas respiratorios o sistemas inmunol\u00f3gicos comprometidos. <\/span><span style=\"font-weight: 400\">La restauraci\u00f3n r\u00e1pida y eficaz de los da\u00f1os causados por el agua es fundamental para prevenir la infestaci\u00f3n de moho.<\/span><\/p>\n<h3><span style=\"font-weight: 400;\">P: \u00bfCu\u00e1les son los signos de da\u00f1os por agua en paredes y techos?<\/span><\/h3>\n<p class=\"translation-block\"><span style=\"font-weight: 400\"><strong>Manchas y decoloraci\u00f3n:<\/strong> manchas de agua, color amarillento o manchas oscuras en paredes y techos.<\/span><\/p>\n<p class=\"translation-block\"><span style=\"font-weight: 400\"><strong>Pintura o papel tapiz descascarado o con burbujas:<\/strong> la humedad puede provocar problemas de adherencia.<\/span><\/p>\n<p class=\"translation-block\"><span style=\"font-weight: 400\"><strong>Deformaci\u00f3n o hundimiento:<\/strong> el exceso de agua debilita los materiales y provoca deformaciones.<\/span><\/p>\n<p class=\"translation-block\"><span style=\"font-weight: 400\"><strong>Olor a humedad:<\/strong> Los ambientes h\u00famedos pueden generar olores desagradables.<\/span><\/p>\n<p class=\"translation-block\"><span style=\"font-weight: 400\"><strong>Crecimiento visible de moho:<\/strong> las manchas borrosas o descoloridas indican infestaci\u00f3n de moho.<\/span><\/p>\n<h3><span style=\"font-weight: 400;\">P: \u00bfLos da\u00f1os causados por el agua son peligrosos para la salud en el hogar?<\/span><\/h3>\n<p><span style=\"font-weight: 400;\">S\u00ed, los da\u00f1os causados por el agua pueden suponer riesgos para la salud. El agua estancada se convierte en un caldo de cultivo para bacterias, moho y pat\u00f3genos.<\/span><\/p>\n<p><span style=\"font-weight: 400;\">Las esporas de moho y los al\u00e9rgenos liberados por el moho pueden provocar problemas respiratorios, alergias y otros problemas de salud.<\/span><\/p>\n<p><span style=\"font-weight: 400;\">El agua estancada puede atraer plagas como mosquitos y roedores, aumentando el riesgo de transmisi\u00f3n de enfermedades.<\/span><\/p>\n<p><span style=\"font-weight: 400;\">La r\u00e1pida reparaci\u00f3n de los da\u00f1os causados por el agua es esencial para mitigar los riesgos para la salud.<\/span><\/p>\n<h3><span style=\"font-weight: 400;\">P: \u00bfD\u00f3nde aparecen con frecuencia los da\u00f1os causados por el agua en el hogar?<\/span><\/h3>\n<p class=\"translation-block\"><span style=\"font-weight: 400\"><strong>S\u00f3tanos y espacios reducidos:<\/strong> vulnerables a inundaciones y filtraciones.<\/span><\/p>\n<p class=\"translation-block\"><span style=\"font-weight: 400\"><strong>\u00c1ticos:<\/strong> las goteras en el techo y la mala ventilaci\u00f3n pueden provocar la acumulaci\u00f3n de humedad.<\/span><\/p>\n<p class=\"translation-block\"><span style=\"font-weight: 400\"><strong>Ba\u00f1os y cocinas:<\/strong> los problemas de plomer\u00eda, las fugas y el vapor pueden contribuir a los da\u00f1os causados por el agua.<\/span><\/p>\n<p class=\"translation-block\"><span style=\"font-weight: 400\"><strong>Paredes y techos:<\/strong> las goteras en el techo, las tuber\u00edas rotas y el aislamiento defectuoso pueden provocar la filtraci\u00f3n de humedad.<\/span><\/p>\n<p class=\"translation-block\"><span style=\"font-weight: 400\"><strong>Alrededor de ventanas y puertas:<\/strong> un sellado inadecuado puede permitir la entrada de agua durante la lluvia.<\/span><\/p>\n<p class=\"translation-block\"><span style=\"font-weight: 400\"><strong>Cimentaci\u00f3n:<\/strong> un drenaje deficiente puede provocar acumulaci\u00f3n y filtraci\u00f3n de agua.<\/span><\/p>\n<p><span style=\"font-weight: 400;\">Recuerde que abordar los da\u00f1os causados por el agua con prontitud es fundamental para evitar un mayor deterioro y riesgos para la salud. Si sospecha da\u00f1os por agua en su hogar, es recomendable consultar a profesionales para su evaluaci\u00f3n y restauraci\u00f3n.<\/span><\/p>\n<p class=\"translation-block\">Nuestros t\u00e9cnicos certificados por\u00a0<a href=\"http:\/\/iicrc.org\/\" target=\"_blank\" rel=\"noopener\">IICRC<\/a> est\u00e1n completamente capacitados en las pautas de los CDC y se mantienen al d\u00eda con las \u00faltimas actualizaciones. Por lo tanto, puede estar seguro de que le brindar\u00e1n servicios integrales de restauraci\u00f3n de da\u00f1os para su propiedad comercial.<\/p>\n<p class=\"translation-block\">Nuestro objetivo es ayudarlo a reanudar sus actividades de manera segura lo antes posible y nuestros equipos har\u00e1n todo lo posible para hacerlo posible. Ll\u00e1menos al <a href=\"tel:219-255-4163\" target=\"_self\">219-255-4163<\/a> inmediatamente para una inspecci\u00f3n gratuita de su propiedad residencial o comercial.<\/p>\n<p class=\"translation-block\"><strong>Sirviendo con orgullo<\/strong>: Cedar Lake, Chesterton, Crown Point, Demotte, Dyer, East Chicago, Fair Oaks, Gary, Griffith, Hammond, Hebron, Highland, Hobart, Kouts, Lake Station, Lake Village, Lowell, Merrillville, Munster, Portage, Saint John, Schererville, Valpara\u00edso, Westville, Wheatfield, Whiting.<\/p>\n<p><iframe loading=\"lazy\" style=\"border: 0;\" src=\"https:\/\/www.google.com\/maps\/embed?pb=!1m18!1m12!1m3!1d95619.41111151557!2d-87.4430735614627!3d41.50196474407154!2m3!1f0!2f0!3f0!3m2!1i1024!2i768!4f13.1!3m3!1m2!1s0x8811e52cc09755cb%3A0xf665d4355fdff3c8!2s911%20Restoration%20of%20Northwest%20Indiana!5e0!3m2!1sen!2sus!4v1696437126101!5m2!1sen!2sus\" width=\"100%\" height=\"325\" allowfullscreen=\"allowfullscreen\"><span data-mce-type=\"bookmark\" style=\"display: inline-block; width: 0px; overflow: hidden; line-height: 0;\" class=\"mce_SELRES_start\"><\/span><\/iframe><\/p>","protected":false},"excerpt":{"rendered":"<p>Certified Northwest Indiana Water and Fire Damage Restoration At 911 Restoration of Northwest Indiana, we take immense pride in offering certified water and fire damage restoration services across Northwest Indiana, and the adjoining areas. Our distinguished team of certified professionals boasts extensive training and holds industry-standard certifications, enabling them to tackle a diverse array of [&hellip;]<\/p>\n","protected":false},"author":2,"featured_media":3223,"parent":0,"menu_order":0,"comment_status":"closed","ping_status":"closed","template":"","meta":{"_acf_changed":false,"footnotes":""},"class_list":["post-3962","page","type-page","status-publish","has-post-thumbnail","hentry"],"acf":[],"yoast_head":"<!-- This site is optimized with the Yoast SEO plugin v27.5 - https:\/\/yoast.com\/product\/yoast-seo-wordpress\/ -->\n<title>Northwest Indiana Water Damage Company - Northwest Indiana<\/title>\n<meta name=\"description\" content=\"We are a Northwest Indiana water damage company. We take immense pride in offering certified water and fire damage restoration services across Northwest Indiana, and the adjoining areas.\" \/>\n<meta name=\"robots\" content=\"index, follow, max-snippet:-1, max-image-preview:large, max-video-preview:-1\" \/>\n<link rel=\"canonical\" href=\"https:\/\/www.911restorationnorthwestindiana.com\/es\/water-damage-company\/\" \/>\n<meta name=\"twitter:label1\" content=\"Tiempo de lectura\" \/>\n\t<meta name=\"twitter:data1\" content=\"6 minutos\" \/>\n<!-- \/ Yoast SEO plugin. -->","yoast_head_json":{"title":"Northwest Indiana Water Damage Company - Northwest Indiana","description":"We are a Northwest Indiana water damage company. We take immense pride in offering certified water and fire damage restoration services across Northwest Indiana, and the adjoining areas.","robots":{"index":"index","follow":"follow","max-snippet":"max-snippet:-1","max-image-preview":"max-image-preview:large","max-video-preview":"max-video-preview:-1"},"canonical":"https:\/\/www.911restorationnorthwestindiana.com\/es\/water-damage-company\/","twitter_misc":{"Tiempo de lectura":"6 minutos"},"schema":{"@context":"https:\/\/schema.org","@graph":[{"@type":"WebPage","@id":"https:\/\/www.911restorationnorthwestindiana.com\/water-damage-company\/","url":"https:\/\/www.911restorationnorthwestindiana.com\/water-damage-company\/","name":"Northwest Indiana Water Damage Company - Northwest Indiana","isPartOf":{"@id":"https:\/\/www.911restorationnorthwestindiana.com\/#website"},"primaryImageOfPage":{"@id":"https:\/\/www.911restorationnorthwestindiana.com\/water-damage-company\/#primaryimage"},"image":{"@id":"https:\/\/www.911restorationnorthwestindiana.com\/water-damage-company\/#primaryimage"},"thumbnailUrl":"https:\/\/www.911restorationnorthwestindiana.com\/wp-content\/uploads\/2020\/02\/disaster-restoration-banner.jpg","datePublished":"2023-08-11T20:51:17+00:00","dateModified":"2023-10-04T16:40:42+00:00","description":"We are a Northwest Indiana water damage company. We take immense pride in offering certified water and fire damage restoration services across Northwest Indiana, and the adjoining areas.","breadcrumb":{"@id":"https:\/\/www.911restorationnorthwestindiana.com\/water-damage-company\/#breadcrumb"},"inLanguage":"es","potentialAction":[{"@type":"ReadAction","target":["https:\/\/www.911restorationnorthwestindiana.com\/water-damage-company\/"]}]},{"@type":"ImageObject","inLanguage":"es","@id":"https:\/\/www.911restorationnorthwestindiana.com\/water-damage-company\/#primaryimage","url":"https:\/\/www.911restorationnorthwestindiana.com\/wp-content\/uploads\/2020\/02\/disaster-restoration-banner.jpg","contentUrl":"https:\/\/www.911restorationnorthwestindiana.com\/wp-content\/uploads\/2020\/02\/disaster-restoration-banner.jpg","width":1200,"height":400},{"@type":"BreadcrumbList","@id":"https:\/\/www.911restorationnorthwestindiana.com\/water-damage-company\/#breadcrumb","itemListElement":[{"@type":"ListItem","position":1,"name":"Home","item":"https:\/\/www.911restorationnorthwestindiana.com\/"},{"@type":"ListItem","position":2,"name":"Northwest Indiana Water Damage Company"}]},{"@type":"WebSite","@id":"https:\/\/www.911restorationnorthwestindiana.com\/#website","url":"https:\/\/www.911restorationnorthwestindiana.com\/","name":"Noroeste de Indiana","description":"(219) 255-4163","potentialAction":[{"@type":"SearchAction","target":{"@type":"EntryPoint","urlTemplate":"https:\/\/www.911restorationnorthwestindiana.com\/?s={search_term_string}"},"query-input":{"@type":"PropertyValueSpecification","valueRequired":true,"valueName":"search_term_string"}}],"inLanguage":"es"}]}},"_links":{"self":[{"href":"https:\/\/www.911restorationnorthwestindiana.com\/es\/wp-json\/wp\/v2\/pages\/3962","targetHints":{"allow":["GET"]}}],"collection":[{"href":"https:\/\/www.911restorationnorthwestindiana.com\/es\/wp-json\/wp\/v2\/pages"}],"about":[{"href":"https:\/\/www.911restorationnorthwestindiana.com\/es\/wp-json\/wp\/v2\/types\/page"}],"author":[{"embeddable":true,"href":"https:\/\/www.911restorationnorthwestindiana.com\/es\/wp-json\/wp\/v2\/users\/2"}],"replies":[{"embeddable":true,"href":"https:\/\/www.911restorationnorthwestindiana.com\/es\/wp-json\/wp\/v2\/comments?post=3962"}],"version-history":[{"count":7,"href":"https:\/\/www.911restorationnorthwestindiana.com\/es\/wp-json\/wp\/v2\/pages\/3962\/revisions"}],"predecessor-version":[{"id":4014,"href":"https:\/\/www.911restorationnorthwestindiana.com\/es\/wp-json\/wp\/v2\/pages\/3962\/revisions\/4014"}],"wp:featuredmedia":[{"embeddable":true,"href":"https:\/\/www.911restorationnorthwestindiana.com\/es\/wp-json\/wp\/v2\/media\/3223"}],"wp:attachment":[{"href":"https:\/\/www.911restorationnorthwestindiana.com\/es\/wp-json\/wp\/v2\/media?parent=3962"}],"curies":[{"name":"wp","href":"https:\/\/api.w.org\/{rel}","templated":true}]}}