{"id":3922,"date":"2023-06-13T07:11:36","date_gmt":"2023-06-13T14:11:36","guid":{"rendered":"https:\/\/www.911restorationnorthwestindiana.com\/?page_id=3922"},"modified":"2023-07-21T13:07:45","modified_gmt":"2023-07-21T20:07:45","slug":"landing-page-4","status":"publish","type":"page","link":"https:\/\/www.911restorationnorthwestindiana.com\/es\/landing-page-4\/","title":{"rendered":"Restauraci\u00f3n de da\u00f1os por agua en el noroeste de Indiana"},"content":{"rendered":"<h2>Servicios de higienizaci\u00f3n y soluciones de desinfecci\u00f3n<\/h2>\n<p><img loading=\"lazy\" decoding=\"async\" class=\"alignright size-medium wp-image-3790\" src=\"https:\/\/www.911restorationnorthwestindiana.com\/wp-content\/uploads\/2022\/03\/911Restoration-residential-water-repair-1-1-300x200.jpg\" alt=\"911 Restoration tech\" width=\"300\" height=\"200\" srcset=\"https:\/\/www.911restorationnorthwestindiana.com\/wp-content\/uploads\/2022\/03\/911Restoration-residential-water-repair-1-1-300x200.jpg 300w, https:\/\/www.911restorationnorthwestindiana.com\/wp-content\/uploads\/2022\/03\/911Restoration-residential-water-repair-1-1.jpg 600w\" sizes=\"auto, (max-width: 300px) 100vw, 300px\" \/>Los hogares y los lugares de trabajo pueden convertirse en focos de infecciones debido a la exposici\u00f3n regular a pat\u00f3genos y contaminantes. La contaminaci\u00f3n es generalmente peligrosa, pero los riesgos son a\u00fan mayores debido a la prevalencia de la pandemia de COVID-19.<\/p>\n<p class=\"translation-block\">911 Restoration of Northwest Indiana ofrece amplios <strong><a href=\"https:\/\/www.911restorationnorthwestindiana.com\/es\/sanitization-cleaning-services-northwest-indiana\/\" target=\"_self\">servicios de higienizaci\u00f3n y desinfecci\u00f3n<\/a><\/strong> para edificios residenciales y comerciales. Nuestros t\u00e9cnicos est\u00e1n capacitados y certificados para brindar servicios de limpieza en profundidad. Tambi\u00e9n proporcionamos a todos nuestros t\u00e9cnicos equipo de protecci\u00f3n personal y agentes desinfectantes adecuados, lo que les permite trabajar de forma segura mientras limpian su propiedad.<\/p>\n<p>Nuestros equipos tambi\u00e9n cuentan con la capacitaci\u00f3n y autorizaci\u00f3n para manejar servicios de desinfecci\u00f3n y limpieza de escenas de cr\u00edmenes y situaciones similares de riesgo biol\u00f3gico. Por lo tanto, puede confiar en nosotros para contener y eliminar todos los peligros, haciendo que su propiedad sea segura para su uso.<\/p>\n<h2>Eliminaci\u00f3n de moho<\/h2>\n<p class=\"translation-block\">El moho es un problema com\u00fan en propiedades con da\u00f1os por agua o regiones h\u00famedas como el noroeste de Indiana. Ll\u00e1menos de inmediato si sospecha que hay crecimiento de moho en su propiedad, ya que puede convertirse en una infestaci\u00f3n si se deja desatendido por mucho tiempo. <strong><a href=\"https:\/\/www.911restorationnorthwestindiana.com\/es\/mold-removal-in-northwest-indiana\/\" target=\"_self\">Las infestaciones de moho<\/a><\/strong> son peligrosas para salud y puede causar da\u00f1os estructurales.<\/p>\n<p>Nuestros equipos tienen experiencia en el tratamiento del moho y se asegurar\u00e1n de eliminarlo por completo antes de comenzar el proyecto. Nuestros t\u00e9cnicos expertos tambi\u00e9n eliminar\u00e1n el da\u00f1o causado por el agua que causa el crecimiento de moho y sugerir\u00e1n una restauraci\u00f3n adicional en caso de da\u00f1os a la propiedad debido al moho.<\/p>\n<h2>Limpieza de respaldo de aguas residuales<\/h2>\n<p class=\"translation-block\">Los desastres naturales como tormentas e inundaciones causan grandes da\u00f1os a la propiedad, especialmente en el caso de <strong><a href=\"https:\/\/www.911restorationnorthwestindiana.com\/es\/sewage-backup-in-northwest-indiana-near-you\/\" target=\"_self\">respaldo de aguas residuales<\/a><\/strong>. Una acumulaci\u00f3n de aguas residuales es peligrosa para la salud porque puede provocar una contaminaci\u00f3n del agua de categor\u00eda tres. Eso significa que el agua corriente puede infestarse de g\u00e9rmenes, bacterias, pat\u00f3genos y otros contaminantes qu\u00edmicos que causan infecciones y que son peligrosos para la salud.<\/p>\n<p class=\"translation-block\">Nuestros servicios de <strong><a href=\"https:\/\/www.911restorationnorthwestindiana.com\/es\/water-damage-restoration-northwest-indiana\/\" target=\"_self\">restauraci\u00f3n de da\u00f1os por agua<\/a><\/strong> en el noroeste de Indiana cubrir la acumulaci\u00f3n de aguas residuales. Nuestros t\u00e9cnicos trabajar\u00e1n diligentemente para resolver el problema lo antes posible y garantizar que tenga acceso a agua potable.<\/p>\n<h2>Restauraci\u00f3n de da\u00f1os por incendio y humo<\/h2>\n<p>Los incendios son desastrosos porque r\u00e1pidamente arrasan propiedades destruyendo todo a su paso. El equipo de Restauraci\u00f3n del 911 del Noroeste de Indiana comprende lo dif\u00edcil que es para usted el proceso de restauraci\u00f3n de da\u00f1os por incendio; por lo tanto, haremos todo lo posible para salvar las pertenencias que se puedan guardar y reparar su propiedad.<\/p>\n<p class=\"translation-block\">Nuestra <strong><a href=\"https:\/\/www.911restorationnorthwestindiana.com\/es\/fire-damage-restoration-in-northwest-indiana\/\" target=\"_self\">restauraci\u00f3n de da\u00f1os por incendio<\/a><\/strong> incluye varios pasos, que incluyen:<\/p>\n<ol>\n<li>Evaluaci\u00f3n de da\u00f1os y eliminaci\u00f3n de art\u00edculos no da\u00f1ados<\/li>\n<li>Eliminaci\u00f3n de humo y olores<\/li>\n<li>Soot Removal and Item Restoration<\/li>\n<li>Restauraci\u00f3n de da\u00f1os por agua<\/li>\n<li>Eliminaci\u00f3n de moho<\/li>\n<li>Restauraci\u00f3n de da\u00f1os a la propiedad<\/li>\n<\/ol>\n<p>Nuestros t\u00e9cnicos realizan cada paso en sucesi\u00f3n para maximizar la eficiencia y efectividad de la restauraci\u00f3n. Tienen una amplia experiencia y se asegurar\u00e1n de hacerse cargo del proyecto, para que usted pueda relajarse y regresar a su propiedad intacta.<\/p>\n<p class=\"translation-block\">La restauraci\u00f3n de da\u00f1os por incendio requiere tiempo cr\u00edtico, as\u00ed que ll\u00e1menos al <a href=\"tel:(800) 308-9782\" target=\"_self\">(800) 308-9782<\/a> inmediatamente en caso de emergencias.<\/p>\n<h2>Restauraci\u00f3n de desastres<\/h2>\n<p>Los desastres naturales, como tormentas, inundaciones, etc., son comunes en el noroeste de Indiana, pero eso no los hace menos estresantes. Los desastres causan grandes da\u00f1os a paredes, techos y s\u00f3tanos y pueden resultar especialmente dif\u00edciles de gestionar durante el invierno.<\/p>\n<p class=\"translation-block\">Somos una empresa de propiedad local, lo que significa que nuestro equipo conoce los desaf\u00edos que enfrenta. Por lo tanto, ofrecemos <strong><a href=\"https:\/\/www.911restorationnorthwestindiana.com\/es\/disaster-and-storm-restoration-in-northwest-indiana\/\" target=\"_self\">restauraci\u00f3n de desastres<\/a><\/strong> servicios que incluyen agua, moho, restauraci\u00f3n contra incendios y restauraci\u00f3n de cobertura de propiedad en caso de da\u00f1o estructural.<\/p>\n<p class=\"translation-block\">Ll\u00e1menos al <a href=\"tel:(800) 308-9782\" target=\"_self\">(800) 308-9782<\/a> inmediatamente y nuestro equipo se comunicar\u00e1 con usted en 45 minutos.<\/p>\n<h2>Commercial Restoration<\/h2>\n<p class=\"translation-block\">Como empresa comercial, entendemos lo fundamental que es mantener su propiedad comercial. 911 Restoration of Northwest Indiana tiene un portafolio diverso para <strong><a href=\"https:\/\/www.911restorationnorthwestindiana.com\/es\/commercial-property-damage-northwest-indiana\/\" target=\"_self\">restauraci\u00f3n comercial<\/a><\/strong> que incluye edificios de oficinas, naves industriales, almacenes, gimnasios, hospitales, etc.<\/p>\n<p class=\"translation-block\">Sabemos que las emergencias pueden ocurrir en cualquier momento; es por eso que siempre estamos disponibles para manejar casos repentinos de incendio, da\u00f1os por agua o desinfecci\u00f3n. Nuestros t\u00e9cnicos certificados por <strong><a href=\"http:\/\/iicrc.org\" target=\"_self\">IICRC<\/a><\/strong> est\u00e1n completamente capacitados en las pautas de los CDC y se mantienen al d\u00eda con las \u00faltimas actualizaciones. Por lo tanto, puede estar seguro de que le brindar\u00e1n servicios integrales de restauraci\u00f3n de da\u00f1os para su propiedad comercial.<\/p>\n<p class=\"translation-block\">Nuestro objetivo es ayudarlo a reanudar sus actividades de manera segura lo antes posible y nuestros equipos har\u00e1n todo lo posible para hacerlo posible. Ll\u00e1menos al <a href=\"tel:(800) 308-9782\" target=\"_self\">(800) 308-9782<\/a> inmediatamente para una inspecci\u00f3n gratuita de su propiedad residencial o comercial.<\/p>","protected":false},"excerpt":{"rendered":"<p>Sanitization Services and Disinfection Solutions Homes and workplaces can become hotbeds for infections due to the regular exposure to pathogens and pollutants. The contamination is generally dangerous, but the risks are even higher due to the prevalence of the COVID-19 pandemic. 911 Restoration of Northwest Indiana offers extensive sanitization and disinfection services for residential and [&hellip;]<\/p>","protected":false},"author":2,"featured_media":3915,"parent":0,"menu_order":0,"comment_status":"closed","ping_status":"closed","template":"page-landing.php","meta":{"_acf_changed":false,"footnotes":""},"class_list":["post-3922","page","type-page","status-publish","has-post-thumbnail","hentry"],"acf":[],"yoast_head":"<!-- This site is optimized with the Yoast SEO plugin v26.9 - https:\/\/yoast.com\/product\/yoast-seo-wordpress\/ -->\n<title>Water Damage Northwest Indiana | 911 Restoration | Get a Fresh Start!<\/title>\n<meta name=\"description\" content=\"Water damage restoration in Northwest Indiana. Here\u2019s why 911 Restoration of Northwest Indiana is the best for the job.\" \/>\n<meta name=\"robots\" content=\"noindex, follow\" \/>\n<meta name=\"twitter:label1\" content=\"Tiempo de lectura\" \/>\n\t<meta name=\"twitter:data1\" content=\"4 minutos\" \/>\n<!-- \/ Yoast SEO plugin. -->","yoast_head_json":{"title":"Water Damage Northwest Indiana | 911 Restoration | Get a Fresh Start!","description":"Water damage restoration in Northwest Indiana. Here\u2019s why 911 Restoration of Northwest Indiana is the best for the job.","robots":{"index":"noindex","follow":"follow"},"twitter_misc":{"Tiempo de lectura":"4 minutos"},"schema":{"@context":"https:\/\/schema.org","@graph":[{"@type":"WebPage","@id":"https:\/\/www.911restorationnorthwestindiana.com\/landing-page-4\/","url":"https:\/\/www.911restorationnorthwestindiana.com\/landing-page-4\/","name":"Water Damage Northwest Indiana | 911 Restoration | Get a Fresh Start!","isPartOf":{"@id":"https:\/\/www.911restorationnorthwestindiana.com\/#website"},"primaryImageOfPage":{"@id":"https:\/\/www.911restorationnorthwestindiana.com\/landing-page-4\/#primaryimage"},"image":{"@id":"https:\/\/www.911restorationnorthwestindiana.com\/landing-page-4\/#primaryimage"},"thumbnailUrl":"https:\/\/www.911restorationnorthwestindiana.com\/wp-content\/uploads\/2023\/06\/landingpage-employee.webp","datePublished":"2023-06-13T14:11:36+00:00","dateModified":"2023-07-21T20:07:45+00:00","description":"Water damage restoration in Northwest Indiana. Here\u2019s why 911 Restoration of Northwest Indiana is the best for the job.","breadcrumb":{"@id":"https:\/\/www.911restorationnorthwestindiana.com\/landing-page-4\/#breadcrumb"},"inLanguage":"es","potentialAction":[{"@type":"ReadAction","target":["https:\/\/www.911restorationnorthwestindiana.com\/landing-page-4\/"]}]},{"@type":"ImageObject","inLanguage":"es","@id":"https:\/\/www.911restorationnorthwestindiana.com\/landing-page-4\/#primaryimage","url":"https:\/\/www.911restorationnorthwestindiana.com\/wp-content\/uploads\/2023\/06\/landingpage-employee.webp","contentUrl":"https:\/\/www.911restorationnorthwestindiana.com\/wp-content\/uploads\/2023\/06\/landingpage-employee.webp","width":1296,"height":490},{"@type":"BreadcrumbList","@id":"https:\/\/www.911restorationnorthwestindiana.com\/landing-page-4\/#breadcrumb","itemListElement":[{"@type":"ListItem","position":1,"name":"Home","item":"https:\/\/www.911restorationnorthwestindiana.com\/"},{"@type":"ListItem","position":2,"name":"Water Damage Restoration in Northwest Indiana"}]},{"@type":"WebSite","@id":"https:\/\/www.911restorationnorthwestindiana.com\/#website","url":"https:\/\/www.911restorationnorthwestindiana.com\/","name":"Noroeste de Indiana","description":"(219) 255-4163","potentialAction":[{"@type":"SearchAction","target":{"@type":"EntryPoint","urlTemplate":"https:\/\/www.911restorationnorthwestindiana.com\/?s={search_term_string}"},"query-input":{"@type":"PropertyValueSpecification","valueRequired":true,"valueName":"search_term_string"}}],"inLanguage":"es"}]}},"_links":{"self":[{"href":"https:\/\/www.911restorationnorthwestindiana.com\/es\/wp-json\/wp\/v2\/pages\/3922","targetHints":{"allow":["GET"]}}],"collection":[{"href":"https:\/\/www.911restorationnorthwestindiana.com\/es\/wp-json\/wp\/v2\/pages"}],"about":[{"href":"https:\/\/www.911restorationnorthwestindiana.com\/es\/wp-json\/wp\/v2\/types\/page"}],"author":[{"embeddable":true,"href":"https:\/\/www.911restorationnorthwestindiana.com\/es\/wp-json\/wp\/v2\/users\/2"}],"replies":[{"embeddable":true,"href":"https:\/\/www.911restorationnorthwestindiana.com\/es\/wp-json\/wp\/v2\/comments?post=3922"}],"version-history":[{"count":6,"href":"https:\/\/www.911restorationnorthwestindiana.com\/es\/wp-json\/wp\/v2\/pages\/3922\/revisions"}],"predecessor-version":[{"id":3955,"href":"https:\/\/www.911restorationnorthwestindiana.com\/es\/wp-json\/wp\/v2\/pages\/3922\/revisions\/3955"}],"wp:featuredmedia":[{"embeddable":true,"href":"https:\/\/www.911restorationnorthwestindiana.com\/es\/wp-json\/wp\/v2\/media\/3915"}],"wp:attachment":[{"href":"https:\/\/www.911restorationnorthwestindiana.com\/es\/wp-json\/wp\/v2\/media?parent=3922"}],"curies":[{"name":"wp","href":"https:\/\/api.w.org\/{rel}","templated":true}]}}