{"id":18,"date":"2013-04-25T01:59:51","date_gmt":"2013-04-25T06:59:51","guid":{"rendered":"https:\/\/www.911restorationnorthwestindiana.com\/?page_id=18"},"modified":"2022-11-23T02:39:41","modified_gmt":"2022-11-23T10:39:41","slug":"privacy-policy","status":"publish","type":"page","link":"https:\/\/www.911restorationnorthwestindiana.com\/es\/privacy-policy\/","title":{"rendered":"pol\u00edtica de privacidad"},"content":{"rendered":"<p>Agradecemos a la comunidad local por confiar y permitirnos ser su empresa de restauraci\u00f3n preferida. Por lo tanto, nos gustar\u00eda corresponder la confianza y ser comunicativos con respecto a nuestra pol\u00edtica de privacidad.<\/p>\n<p>Toda la informaci\u00f3n recopilada por 911 Restoration es estrictamente necesaria. Es nuestra garant\u00eda de que no venderemos su informaci\u00f3n a terceros. Tampoco revelaremos sus documentos a nadie m\u00e1s que a su compa\u00f1\u00eda de seguros.<\/p>\n<p>Cuando usted se comunica con nosotros y nos contrata, requerimos cierta informaci\u00f3n como:<\/p>\n<ul>\n<li>Naturaleza de la preocupaci\u00f3n<\/li>\n<li>Ubicaci\u00f3n<\/li>\n<li>DIRECCI\u00d3N<\/li>\n<li>Compa\u00f1\u00eda de seguros para propietarios de viviendas<\/li>\n<li>Im\u00e1genes y coste del proceso de restauraci\u00f3n.<\/li>\n<\/ul>\n<p>Cualquier informaci\u00f3n retenida despu\u00e9s de la restauraci\u00f3n es para nuestros registros personales y nunca la distribuimos sin su consentimiento.<\/p>\n<p>Si tiene alguna pregunta, puede llamar directamente a nuestra sucursal corporativa al (877) 488-7988.<\/p>\n<p>&nbsp;<!--507cb--><!--507cb--><\/p>","protected":false},"excerpt":{"rendered":"<p>We are thankful to the local community for trusting and allowing us to be their choice of restoration company. Therefore, we would like to reciprocate the confidence and be forthcoming in regards to our privacy policy. All information collected by 911 Restoration is on a strict need to know basis. It is our guarantee that [&hellip;]<\/p>","protected":false},"author":2,"featured_media":3221,"parent":0,"menu_order":0,"comment_status":"closed","ping_status":"open","template":"","meta":{"_acf_changed":false,"footnotes":""},"class_list":["post-18","page","type-page","status-publish","has-post-thumbnail","hentry"],"acf":[],"yoast_head":"<!-- This site is optimized with the Yoast SEO plugin v26.9 - https:\/\/yoast.com\/product\/yoast-seo-wordpress\/ -->\n<title>Privacy Policy - Northwest Indiana<\/title>\n<meta name=\"robots\" content=\"index, follow, max-snippet:-1, max-image-preview:large, max-video-preview:-1\" \/>\n<link rel=\"canonical\" href=\"https:\/\/www.911restorationnorthwestindiana.com\/es\/privacy-policy\/\" \/>\n<meta name=\"twitter:label1\" content=\"Tiempo de lectura\" \/>\n\t<meta name=\"twitter:data1\" content=\"1 minuto\" \/>\n<!-- \/ Yoast SEO plugin. -->","yoast_head_json":{"title":"Privacy Policy - Northwest Indiana","robots":{"index":"index","follow":"follow","max-snippet":"max-snippet:-1","max-image-preview":"max-image-preview:large","max-video-preview":"max-video-preview:-1"},"canonical":"https:\/\/www.911restorationnorthwestindiana.com\/es\/privacy-policy\/","twitter_misc":{"Tiempo de lectura":"1 minuto"},"schema":{"@context":"https:\/\/schema.org","@graph":[{"@type":"WebPage","@id":"https:\/\/www.911restorationnorthwestindiana.com\/privacy-policy\/","url":"https:\/\/www.911restorationnorthwestindiana.com\/privacy-policy\/","name":"Privacy Policy - Northwest Indiana","isPartOf":{"@id":"https:\/\/www.911restorationnorthwestindiana.com\/#website"},"primaryImageOfPage":{"@id":"https:\/\/www.911restorationnorthwestindiana.com\/privacy-policy\/#primaryimage"},"image":{"@id":"https:\/\/www.911restorationnorthwestindiana.com\/privacy-policy\/#primaryimage"},"thumbnailUrl":"https:\/\/www.911restorationnorthwestindiana.com\/wp-content\/uploads\/2020\/02\/commercial-restoration-banner.jpg","datePublished":"2013-04-25T06:59:51+00:00","dateModified":"2022-11-23T10:39:41+00:00","breadcrumb":{"@id":"https:\/\/www.911restorationnorthwestindiana.com\/privacy-policy\/#breadcrumb"},"inLanguage":"es","potentialAction":[{"@type":"ReadAction","target":["https:\/\/www.911restorationnorthwestindiana.com\/privacy-policy\/"]}]},{"@type":"ImageObject","inLanguage":"es","@id":"https:\/\/www.911restorationnorthwestindiana.com\/privacy-policy\/#primaryimage","url":"https:\/\/www.911restorationnorthwestindiana.com\/wp-content\/uploads\/2020\/02\/commercial-restoration-banner.jpg","contentUrl":"https:\/\/www.911restorationnorthwestindiana.com\/wp-content\/uploads\/2020\/02\/commercial-restoration-banner.jpg","width":1200,"height":400},{"@type":"BreadcrumbList","@id":"https:\/\/www.911restorationnorthwestindiana.com\/privacy-policy\/#breadcrumb","itemListElement":[{"@type":"ListItem","position":1,"name":"Home","item":"https:\/\/www.911restorationnorthwestindiana.com\/"},{"@type":"ListItem","position":2,"name":"Privacy Policy"}]},{"@type":"WebSite","@id":"https:\/\/www.911restorationnorthwestindiana.com\/#website","url":"https:\/\/www.911restorationnorthwestindiana.com\/","name":"Noroeste de Indiana","description":"(219) 255-4163","potentialAction":[{"@type":"SearchAction","target":{"@type":"EntryPoint","urlTemplate":"https:\/\/www.911restorationnorthwestindiana.com\/?s={search_term_string}"},"query-input":{"@type":"PropertyValueSpecification","valueRequired":true,"valueName":"search_term_string"}}],"inLanguage":"es"}]}},"_links":{"self":[{"href":"https:\/\/www.911restorationnorthwestindiana.com\/es\/wp-json\/wp\/v2\/pages\/18","targetHints":{"allow":["GET"]}}],"collection":[{"href":"https:\/\/www.911restorationnorthwestindiana.com\/es\/wp-json\/wp\/v2\/pages"}],"about":[{"href":"https:\/\/www.911restorationnorthwestindiana.com\/es\/wp-json\/wp\/v2\/types\/page"}],"author":[{"embeddable":true,"href":"https:\/\/www.911restorationnorthwestindiana.com\/es\/wp-json\/wp\/v2\/users\/2"}],"replies":[{"embeddable":true,"href":"https:\/\/www.911restorationnorthwestindiana.com\/es\/wp-json\/wp\/v2\/comments?post=18"}],"version-history":[{"count":1,"href":"https:\/\/www.911restorationnorthwestindiana.com\/es\/wp-json\/wp\/v2\/pages\/18\/revisions"}],"predecessor-version":[{"id":3896,"href":"https:\/\/www.911restorationnorthwestindiana.com\/es\/wp-json\/wp\/v2\/pages\/18\/revisions\/3896"}],"wp:featuredmedia":[{"embeddable":true,"href":"https:\/\/www.911restorationnorthwestindiana.com\/es\/wp-json\/wp\/v2\/media\/3221"}],"wp:attachment":[{"href":"https:\/\/www.911restorationnorthwestindiana.com\/es\/wp-json\/wp\/v2\/media?parent=18"}],"curies":[{"name":"wp","href":"https:\/\/api.w.org\/{rel}","templated":true}]}}