{"id":16,"date":"2013-04-25T01:59:32","date_gmt":"2013-04-25T06:59:32","guid":{"rendered":"https:\/\/www.911restorationnorthwestindiana.com\/?page_id=16"},"modified":"2025-12-21T02:50:12","modified_gmt":"2025-12-21T10:50:12","slug":"service-areas","status":"publish","type":"page","link":"https:\/\/www.911restorationnorthwestindiana.com\/es\/service-areas\/","title":{"rendered":"\u00c1reas de servicio"},"content":{"rendered":"<p class=\"translation-block\"><span style=\"font-weight: 400\">En <a href=\"https:\/\/www.911restorationnorthwestindiana.com\/es\/\" target=\"_self\">911 Restauraci\u00f3n del Noroeste de Indiana<\/a>, nuestro inquebrantable Nuestro compromiso radica en la restauraci\u00f3n integral de su propiedad ante da\u00f1os por agua, ejecutada con el m\u00e1ximo cuidado y precisi\u00f3n. Reconocemos las particularidades de cada situaci\u00f3n, lo que nos impulsa a invertir toda nuestra dedicaci\u00f3n en evaluar y revitalizar meticulosamente cada faceta de su residencia. Nuestro consumado equipo de restauraci\u00f3n aprovecha herramientas y metodolog\u00edas de vanguardia para combatir eficazmente el agua estancada, acelerar el proceso de secado en las zonas afectadas y reparar sin problemas cualquier da\u00f1o inducido por el agua. Cuente con nosotros no solo para cumplir sino tambi\u00e9n para superar sus expectativas mientras restauramos diligentemente su morada a su estado original y pr\u00edstino.<\/span><\/p>\n<h3 style=\"text-align: center;\" class=\"translation-block\"><b>\u00bfInundaciones o da\u00f1os por agua? Ll\u00e1menos hoy <\/b><b>\ud83d\udcde <\/b><a href=\"tel:(219) 255-4163\" target=\"_self\">(219) 255-4163<\/a><\/h3>\n<h3><img loading=\"lazy\" decoding=\"async\" class=\"aligncenter wp-image-3967 size-full\" src=\"https:\/\/www.911restorationnorthwestindiana.com\/wp-content\/uploads\/2023\/08\/water-damage-repair-expert-911-Restoration-2.png\" alt=\"911 Restoration of Northwest Indiana\" width=\"506\" height=\"512\" srcset=\"https:\/\/www.911restorationnorthwestindiana.com\/wp-content\/uploads\/2023\/08\/water-damage-repair-expert-911-Restoration-2.png 506w, https:\/\/www.911restorationnorthwestindiana.com\/wp-content\/uploads\/2023\/08\/water-damage-repair-expert-911-Restoration-2-296x300.png 296w, https:\/\/www.911restorationnorthwestindiana.com\/wp-content\/uploads\/2023\/08\/water-damage-repair-expert-911-Restoration-2-16x16.png 16w\" sizes=\"auto, (max-width: 506px) 100vw, 506px\" \/><\/h3>\n<h3><span style=\"font-weight: 400;\">Nuestra gama de servicios incluye: <\/span><\/h3>\n<ul>\n<li><a href=\"https:\/\/www.911restorationnorthwestindiana.com\/es\/water-damage-restoration-northwest-indiana\/\"><span style=\"font-weight: 400;\">Restauraci\u00f3n de da\u00f1os por agua<\/span><\/a><\/li>\n<li><a href=\"https:\/\/www.911restorationnorthwestindiana.com\/es\/sewage-backup-in-northwest-indiana-near-you\/\"><span style=\"font-weight: 400;\">Limpieza de respaldo de alcantarillado<\/span><\/a><\/li>\n<li><a href=\"https:\/\/www.911restorationnorthwestindiana.com\/es\/mold-removal-in-northwest-indiana\/\"><span style=\"font-weight: 400;\">Eliminaci\u00f3n de moho<\/span><\/a><\/li>\n<li><a href=\"https:\/\/www.911restorationnorthwestindiana.com\/es\/fire-damage-restoration-in-northwest-indiana\/\"><span style=\"font-weight: 400;\">Restauraci\u00f3n de da\u00f1os por incendio y humo<\/span><\/a><\/li>\n<li><a href=\"https:\/\/www.911restorationnorthwestindiana.com\/es\/disaster-and-storm-restoration-in-northwest-indiana\/\"><span style=\"font-weight: 400;\">Restauraci\u00f3n de desastres<\/span><\/a><\/li>\n<li><a href=\"https:\/\/www.911restorationnorthwestindiana.com\/es\/sanitization-cleaning-services-northwest-indiana\/\"><span style=\"font-weight: 400;\">Servicios de desinfecci\u00f3n<\/span><\/a><\/li>\n<li><a href=\"https:\/\/www.911restorationnorthwestindiana.com\/es\/commercial-property-damage-northwest-indiana\/\"><span style=\"font-weight: 400;\">Restauraci\u00f3n de Propiedad Comercial<\/span><\/a><\/li>\n<\/ul>\n<p><span style=\"font-weight: 400;\">Al confiarnos su viaje de restauraci\u00f3n, est\u00e1 depositando su fe en un equipo que est\u00e1 decididamente dedicado a revivir su espacio con el m\u00e1s alto nivel de experiencia y cuidado. Experimente el poder transformador de la Restauraci\u00f3n del 911 del Noroeste de Indiana mientras restauramos no solo su propiedad, sino tambi\u00e9n su tranquilidad\u201d.<\/span><\/p>\n<h2><span style=\"font-weight: 400;\">Servicios de eliminaci\u00f3n de agua de respuesta r\u00e1pida disponibles las 24 horas, los 7 d\u00edas de la semana<\/span><\/h2>\n<p class=\"translation-block\"><span style=\"font-weight: 400\">Experimente la seguridad incomparable de una <a href=\"https:\/\/www.911restorationnorthwestindiana.com\/es\/water-damage-restoration-northwest-indiana\/\" target=\"_self\">servicios confiables de eliminaci\u00f3n de agua<\/a>, accesibles las 24 horas en 911 Restoration of Northwest Indiana. Entendemos la urgencia que acompa\u00f1a a las emergencias h\u00eddricas y nuestro compromiso inquebrantable con una respuesta r\u00e1pida garantiza que su angustia se alivie r\u00e1pidamente. Nuestro equipo dedicado est\u00e1 listo las 24 horas del d\u00eda, los 7 d\u00edas de la semana, armado con equipos avanzados y una gran experiencia para abordar r\u00e1pidamente cualquier crisis relacionada con el agua. Ya sea que se trate de una tuber\u00eda rota, una inundaci\u00f3n o cualquier otro percance con el agua, nuestros profesionales est\u00e1n preparados para iniciar la extracci\u00f3n de agua inmediata, reduciendo la posibilidad de da\u00f1os mayores y sentando las bases para una restauraci\u00f3n efectiva. <\/span><\/p>\n<h2><span style=\"font-weight: 400;\">Tiempo de llegada r\u00e1pido y respuesta inmediata a cualquier emergencia h\u00eddrica<\/span><\/h2>\n<p class=\"translation-block\"><span style=\"font-weight: 400\">En 911 Restoration of Northwest Indiana, mantenemos una firme promesa de acci\u00f3n r\u00e1pida cuando ocurren emergencias h\u00eddricas. Nuestro r\u00e1pido tiempo de llegada subraya nuestro compromiso de abordar con prontitud cualquier <a href=\"https:\/\/www.911restorationnorthwestindiana.com\/es\/water-damage-restoration-northwest-indiana\/\" target=\"_self\">crisis relacionada con el agua<\/a> que amenaza su propiedad. Con un equipo dedicado equipado para manejar una amplia gama de situaciones, garantizamos una respuesta r\u00e1pida que minimiza el tiempo de inactividad y mitiga los da\u00f1os potenciales. <\/span><\/p>\n<h2><span style=\"font-weight: 400;\">Expertas en restauraci\u00f3n certificadas por IICRC<\/span><\/h2>\n<p><span style=\"font-weight: 400;\">Abrace la confianza de confiar la restauraci\u00f3n de su propiedad a expertos certificados por el Instituto de Certificaci\u00f3n de Inspecci\u00f3n, Limpieza y Restauraci\u00f3n (IICRC) en 911 Restoration of Northwest Indiana. Nuestro equipo de profesionales de la restauraci\u00f3n cuenta con la estimada certificaci\u00f3n IICRC, un testimonio de su experiencia incomparable en el campo. Esta certificaci\u00f3n significa un dominio de las mejores pr\u00e1cticas, est\u00e1ndares y t\u00e9cnicas avanzadas de la industria, lo que garantiza que cada proyecto de restauraci\u00f3n se ejecute con el m\u00e1s alto nivel de habilidad y precisi\u00f3n.\u00a0<\/span><\/p>\n<h2><span style=\"font-weight: 400;\">Nuestro proceso de restauraci\u00f3n de da\u00f1os por agua paso a paso<\/span><\/h2>\n<p><span style=\"font-weight: 400;\">En 911 Restoration of Northwest Indiana seguimos un meticuloso proceso de restauraci\u00f3n de da\u00f1os por agua paso a paso para garantizar la recuperaci\u00f3n completa de su propiedad. Nuestro equipo experimentado est\u00e1 dedicado a guiarlo en cada fase, desde el contacto inicial de emergencia hasta la restauraci\u00f3n final, con cuidado y experiencia.<\/span><\/p>\n<h3><strong>Primer contacto de emergencia<\/strong><\/h3>\n<p><span style=\"font-weight: 400;\">Cuando se producen da\u00f1os por agua, nuestra primera prioridad es su seguridad y tranquilidad. Comun\u00edquese con nosotros en cualquier momento, de d\u00eda o de noche, y nuestro atento equipo estar\u00e1 listo para ayudarlo. Su llamada de emergencia inicia nuestra r\u00e1pida respuesta, poniendo en marcha el proceso de restauraci\u00f3n.<\/span><\/p>\n<h3><strong>Inspecci\u00f3n y evaluaci\u00f3n inicial de da\u00f1os<\/strong><\/h3>\n<p><span style=\"font-weight: 400;\">A su llegada, nuestros t\u00e9cnicos cualificados realizan una evaluaci\u00f3n exhaustiva de los da\u00f1os. Identificamos el alcance de la intrusi\u00f3n de agua, su origen y las posibles \u00e1reas afectadas. Esta evaluaci\u00f3n sirve como base para un plan de restauraci\u00f3n personalizado.<\/span><\/p>\n<h3><strong>Extracci\u00f3n de agua\/limpieza y eliminaci\u00f3n de agua<\/strong><\/h3>\n<p><span style=\"font-weight: 400;\">La clave para minimizar los da\u00f1os es la extracci\u00f3n eficiente del agua. Utilizando equipos avanzados, eliminamos r\u00e1pidamente el agua estancada y la humedad de su propiedad. Nuestro proceso de limpieza del agua evita da\u00f1os mayores y prepara el espacio para un secado completo.<\/span><\/p>\n<h3><strong>Secado y Deshumidificaci\u00f3n<\/strong><\/h3>\n<p><span style=\"font-weight: 400;\">Un secado completo es esencial para prevenir el crecimiento de moho y el deterioro estructural. Empleamos deshumidificadores de grado industrial y t\u00e9cnicas de secado especializadas para eliminar la humedad oculta, asegurando una restauraci\u00f3n completa e integral.<\/span><\/p>\n<h3><strong>Desinfecci\u00f3n y limpieza<\/strong><\/h3>\n<p><span style=\"font-weight: 400;\">Los da\u00f1os causados por el agua pueden conllevar riesgos potenciales para la salud. Nuestra fase de desinfecci\u00f3n y limpieza implica la eliminaci\u00f3n de contaminantes, bacterias y olores. Restauramos un ambiente saludable a trav\u00e9s de una meticulosa limpieza y sanitizaci\u00f3n, garantizando tu seguridad y bienestar.<\/span><\/p>\n<h3><strong>Restauraci\u00f3n Final<\/strong><\/h3>\n<p><span style=\"font-weight: 400;\">El \u00faltimo paso es devolver su propiedad a su estado anterior al da\u00f1o. Nuestro equipo se encarga de las reparaciones, reemplazos y acabados, asegurando que su espacio est\u00e9 completamente restaurado a su belleza original. No damos por hecho el trabajo hasta que usted est\u00e9 satisfecho con los resultados finales.<\/span><\/p>\n<p><span style=\"font-weight: 400;\">Experimente la diferencia de 911 Restoration of Northwest Indiana a trav\u00e9s de nuestro proceso de restauraci\u00f3n de da\u00f1os por agua sistem\u00e1tico y centrado en el cliente. En cada paso, nos dedicamos a brindarle un nuevo comienzo y una propiedad revitalizada.<\/span><\/p>\n<h2><span style=\"font-weight: 400;\">\u00a1Excelente comunicaci\u00f3n cuando m\u00e1s la necesita!<\/span><\/h2>\n<p><span style=\"font-weight: 400;\">En 911 Restoration of Northwest Indiana, entendemos que la comunicaci\u00f3n efectiva es fundamental durante el dif\u00edcil momento de una crisis de da\u00f1os por agua. Nuestro compromiso con la comunicaci\u00f3n transparente y abierta nos distingue, asegurando que usted est\u00e9 informado y capacitado en cada paso del proceso de restauraci\u00f3n.<\/span><\/p>\n<p><span style=\"font-weight: 400;\">Desde el momento en que se comunica con nosotros, nuestro atento equipo se encarga de garantizar que tenga la informaci\u00f3n que necesita. Proporcionamos instrucciones claras para acciones inmediatas, como cerrar fuentes de agua o asegurar objetos de valor. A medida que avanzamos, lo mantendremos actualizado sobre nuestra evaluaci\u00f3n, plan de restauraci\u00f3n y progreso, abordando cualquier inquietud que pueda tener en el camino.<\/span><\/p>\n<h2><span style=\"font-weight: 400;\">Su elecci\u00f3n confiable para servicios de restauraci\u00f3n de da\u00f1os por agua<\/span><\/h2>\n<p class=\"translation-block\"><span style=\"font-weight: 400\">No busque m\u00e1s que 911 Restoration of Northwest Indiana cuando busque un socio confiable para servicios de restauraci\u00f3n de da\u00f1os por agua. Nuestra inquebrantable dedicaci\u00f3n a la excelencia, junto con nuestros <a href=\"http:\/\/iicrc.org\" target=\"_blank\" rel=\"noopener\">profesionales certificados por IICRC<\/a>, nos distingue como una opci\u00f3n confiable en la industria.<\/span><\/p>\n<h2><span style=\"font-weight: 400;\">Empresa de franquicia de restauraci\u00f3n de propiedad local<\/span><\/h2>\n<p><span style=\"font-weight: 400;\">Descubra el coraz\u00f3n de la restauraci\u00f3n centrada en la comunidad con 911 Restoration of Northwest Indiana. Como empresa de franquicia operada y de propiedad local, estamos profundamente conectados con los vecindarios a los que servimos. Nuestras ra\u00edces est\u00e1n firmemente arraigadas en el tejido local, lo que nos permite brindar soluciones de restauraci\u00f3n personalizadas y receptivas mientras nos beneficiamos de la solidez de una red nacional de ubicaciones.<\/span><\/p>\n<p class=\"translation-block\"><strong>Sirviendo con orgullo<\/strong>: Cedar Lake, Chesterton, Crown Point, Demotte, Dyer, East Chicago, Fair Oaks, Gary, Griffith, Hammond, Hebron, Highland, Hobart, Kouts, Lake Station, Lake Village, Lowell, Merrillville, Munster, Portage, Saint John, Schererville, Valpara\u00edso, Westville, Wheatfield, Whiting.<\/p>\n<p><iframe src=\"https:\/\/www.google.com\/maps\/embed?pb=!1m18!1m12!1m3!1d45001.26969687047!2d-87.29360272415717!3d41.42813305276878!2m3!1f0!2f0!3f0!3m2!1i1024!2i768!4f13.1!3m3!1m2!1s0x8811ed82a67606f1%3A0xd6fd1be487fe46c9!2s10981%20Thomas%20St%2C%20Winfield%2C%20IN%2046307!5e0!3m2!1sen!2sus!4v1766314048729!5m2!1sen!2sus\" width=\"100%\" height=\"450\" style=\"border:0;\" allowfullscreen=\"\" loading=\"lazy\" referrerpolicy=\"no-referrer-when-downgrade\"><\/iframe><\/p>","protected":false},"excerpt":{"rendered":"<p>At 911 Restoration of Northwest Indiana, our unwavering commitment lies in the comprehensive restoration of your property in the face of water damage, executed with the utmost care and precision. We recognize the distinctiveness of each situation, propelling us to invest our full dedication into meticulously evaluating and revitalizing every facet of your residence. Our [&hellip;]<\/p>\n","protected":false},"author":2,"featured_media":3226,"parent":0,"menu_order":0,"comment_status":"closed","ping_status":"closed","template":"page-service-areas.php","meta":{"_acf_changed":false,"footnotes":""},"class_list":["post-16","page","type-page","status-publish","has-post-thumbnail","hentry"],"acf":[],"yoast_head":"<!-- This site is optimized with the Yoast SEO plugin v27.5 - https:\/\/yoast.com\/product\/yoast-seo-wordpress\/ -->\n<title>Service Areas - Northwest Indiana<\/title>\n<meta name=\"description\" content=\"Emergency water damage restoration services in Cedar Lake, Chesterton, Crown Point and surrounding areas. Call 911 Restoration of Northwest Indiana today!\" \/>\n<meta name=\"robots\" content=\"index, follow, max-snippet:-1, max-image-preview:large, max-video-preview:-1\" \/>\n<link rel=\"canonical\" href=\"https:\/\/www.911restorationnorthwestindiana.com\/es\/service-areas\/\" \/>\n<meta name=\"twitter:label1\" content=\"Tiempo de lectura\" \/>\n\t<meta name=\"twitter:data1\" content=\"5 minutos\" \/>\n<!-- \/ Yoast SEO plugin. -->","yoast_head_json":{"title":"Service Areas - Northwest Indiana","description":"Emergency water damage restoration services in Cedar Lake, Chesterton, Crown Point and surrounding areas. Call 911 Restoration of Northwest Indiana today!","robots":{"index":"index","follow":"follow","max-snippet":"max-snippet:-1","max-image-preview":"max-image-preview:large","max-video-preview":"max-video-preview:-1"},"canonical":"https:\/\/www.911restorationnorthwestindiana.com\/es\/service-areas\/","twitter_misc":{"Tiempo de lectura":"5 minutos"},"schema":{"@context":"https:\/\/schema.org","@graph":[{"@type":"WebPage","@id":"https:\/\/www.911restorationnorthwestindiana.com\/service-areas\/","url":"https:\/\/www.911restorationnorthwestindiana.com\/service-areas\/","name":"Service Areas - Northwest Indiana","isPartOf":{"@id":"https:\/\/www.911restorationnorthwestindiana.com\/#website"},"primaryImageOfPage":{"@id":"https:\/\/www.911restorationnorthwestindiana.com\/service-areas\/#primaryimage"},"image":{"@id":"https:\/\/www.911restorationnorthwestindiana.com\/service-areas\/#primaryimage"},"thumbnailUrl":"https:\/\/www.911restorationnorthwestindiana.com\/wp-content\/uploads\/2020\/02\/location-banner.jpg","datePublished":"2013-04-25T06:59:32+00:00","dateModified":"2025-12-21T10:50:12+00:00","description":"Emergency water damage restoration services in Cedar Lake, Chesterton, Crown Point and surrounding areas. Call 911 Restoration of Northwest Indiana today!","breadcrumb":{"@id":"https:\/\/www.911restorationnorthwestindiana.com\/service-areas\/#breadcrumb"},"inLanguage":"es","potentialAction":[{"@type":"ReadAction","target":["https:\/\/www.911restorationnorthwestindiana.com\/service-areas\/"]}]},{"@type":"ImageObject","inLanguage":"es","@id":"https:\/\/www.911restorationnorthwestindiana.com\/service-areas\/#primaryimage","url":"https:\/\/www.911restorationnorthwestindiana.com\/wp-content\/uploads\/2020\/02\/location-banner.jpg","contentUrl":"https:\/\/www.911restorationnorthwestindiana.com\/wp-content\/uploads\/2020\/02\/location-banner.jpg","width":1200,"height":400},{"@type":"BreadcrumbList","@id":"https:\/\/www.911restorationnorthwestindiana.com\/service-areas\/#breadcrumb","itemListElement":[{"@type":"ListItem","position":1,"name":"Home","item":"https:\/\/www.911restorationnorthwestindiana.com\/"},{"@type":"ListItem","position":2,"name":"Service Areas"}]},{"@type":"WebSite","@id":"https:\/\/www.911restorationnorthwestindiana.com\/#website","url":"https:\/\/www.911restorationnorthwestindiana.com\/","name":"Noroeste de Indiana","description":"(219) 255-4163","potentialAction":[{"@type":"SearchAction","target":{"@type":"EntryPoint","urlTemplate":"https:\/\/www.911restorationnorthwestindiana.com\/?s={search_term_string}"},"query-input":{"@type":"PropertyValueSpecification","valueRequired":true,"valueName":"search_term_string"}}],"inLanguage":"es"}]}},"_links":{"self":[{"href":"https:\/\/www.911restorationnorthwestindiana.com\/es\/wp-json\/wp\/v2\/pages\/16","targetHints":{"allow":["GET"]}}],"collection":[{"href":"https:\/\/www.911restorationnorthwestindiana.com\/es\/wp-json\/wp\/v2\/pages"}],"about":[{"href":"https:\/\/www.911restorationnorthwestindiana.com\/es\/wp-json\/wp\/v2\/types\/page"}],"author":[{"embeddable":true,"href":"https:\/\/www.911restorationnorthwestindiana.com\/es\/wp-json\/wp\/v2\/users\/2"}],"replies":[{"embeddable":true,"href":"https:\/\/www.911restorationnorthwestindiana.com\/es\/wp-json\/wp\/v2\/comments?post=16"}],"version-history":[{"count":6,"href":"https:\/\/www.911restorationnorthwestindiana.com\/es\/wp-json\/wp\/v2\/pages\/16\/revisions"}],"predecessor-version":[{"id":4097,"href":"https:\/\/www.911restorationnorthwestindiana.com\/es\/wp-json\/wp\/v2\/pages\/16\/revisions\/4097"}],"wp:featuredmedia":[{"embeddable":true,"href":"https:\/\/www.911restorationnorthwestindiana.com\/es\/wp-json\/wp\/v2\/media\/3226"}],"wp:attachment":[{"href":"https:\/\/www.911restorationnorthwestindiana.com\/es\/wp-json\/wp\/v2\/media?parent=16"}],"curies":[{"name":"wp","href":"https:\/\/api.w.org\/{rel}","templated":true}]}}