{"id":15,"date":"2013-04-25T01:59:04","date_gmt":"2013-04-25T06:59:04","guid":{"rendered":"https:\/\/www.911restorationnorthwestindiana.com\/?page_id=15"},"modified":"2022-11-23T02:43:08","modified_gmt":"2022-11-23T10:43:08","slug":"reviews","status":"publish","type":"page","link":"https:\/\/www.911restorationnorthwestindiana.com\/es\/reviews\/","title":{"rendered":"Rese\u00f1as"},"content":{"rendered":"<p>Con m\u00e1s de 30 a\u00f1os de experiencia en la industria de la restauraci\u00f3n, 911 Restoration ha acumulado una gran cartera de clientes satisfechos y deseosos de compartir su experiencia positiva con usted.<\/p>\n<p>Dado que brindamos una amplia gama de servicios, nuestros clientes var\u00edan e incluyen todas las entidades personales, comerciales y gubernamentales:<\/p>\n<ul>\n<li>Celebridades y VIP<\/li>\n<li>Propietarios, administradores e inquilinos<\/li>\n<li>Sociedades gestoras y propietarios de edificios de grandes complejos<\/li>\n<li>Grandes corporaciones, compa\u00f1\u00edas de seguros y bancos.<\/li>\n<\/ul>","protected":false},"excerpt":{"rendered":"<p>With over 30 years of experience in the restoration industry, 911 Restoration has accumulated a large portfolio of satisfied customers eager to share their positive experience with you. Since we provide a very vast array of services, our customers vary and include all personal, business and government entities: Celebrities and VIPs Property owners, managers and [&hellip;]<\/p>\n","protected":false},"author":2,"featured_media":3229,"parent":0,"menu_order":0,"comment_status":"closed","ping_status":"open","template":"page-testimonial.php","meta":{"_acf_changed":false,"footnotes":""},"class_list":["post-15","page","type-page","status-publish","has-post-thumbnail","hentry"],"acf":[],"yoast_head":"<!-- This site is optimized with the Yoast SEO plugin v27.5 - https:\/\/yoast.com\/product\/yoast-seo-wordpress\/ -->\n<title>Reviews - Northwest Indiana<\/title>\n<meta name=\"robots\" content=\"index, follow, max-snippet:-1, max-image-preview:large, max-video-preview:-1\" \/>\n<link rel=\"canonical\" href=\"https:\/\/www.911restorationnorthwestindiana.com\/es\/reviews\/\" \/>\n<meta name=\"twitter:label1\" content=\"Tiempo de lectura\" \/>\n\t<meta name=\"twitter:data1\" content=\"1 minuto\" \/>\n<!-- \/ Yoast SEO plugin. -->","yoast_head_json":{"title":"Reviews - Northwest Indiana","robots":{"index":"index","follow":"follow","max-snippet":"max-snippet:-1","max-image-preview":"max-image-preview:large","max-video-preview":"max-video-preview:-1"},"canonical":"https:\/\/www.911restorationnorthwestindiana.com\/es\/reviews\/","twitter_misc":{"Tiempo de lectura":"1 minuto"},"schema":{"@context":"https:\/\/schema.org","@graph":[{"@type":"WebPage","@id":"https:\/\/www.911restorationnorthwestindiana.com\/reviews\/","url":"https:\/\/www.911restorationnorthwestindiana.com\/reviews\/","name":"Reviews - Northwest Indiana","isPartOf":{"@id":"https:\/\/www.911restorationnorthwestindiana.com\/#website"},"primaryImageOfPage":{"@id":"https:\/\/www.911restorationnorthwestindiana.com\/reviews\/#primaryimage"},"image":{"@id":"https:\/\/www.911restorationnorthwestindiana.com\/reviews\/#primaryimage"},"thumbnailUrl":"https:\/\/www.911restorationnorthwestindiana.com\/wp-content\/uploads\/2020\/02\/restoration-testimonials-banner.jpg","datePublished":"2013-04-25T06:59:04+00:00","dateModified":"2022-11-23T10:43:08+00:00","breadcrumb":{"@id":"https:\/\/www.911restorationnorthwestindiana.com\/reviews\/#breadcrumb"},"inLanguage":"es","potentialAction":[{"@type":"ReadAction","target":["https:\/\/www.911restorationnorthwestindiana.com\/reviews\/"]}]},{"@type":"ImageObject","inLanguage":"es","@id":"https:\/\/www.911restorationnorthwestindiana.com\/reviews\/#primaryimage","url":"https:\/\/www.911restorationnorthwestindiana.com\/wp-content\/uploads\/2020\/02\/restoration-testimonials-banner.jpg","contentUrl":"https:\/\/www.911restorationnorthwestindiana.com\/wp-content\/uploads\/2020\/02\/restoration-testimonials-banner.jpg","width":1200,"height":400},{"@type":"BreadcrumbList","@id":"https:\/\/www.911restorationnorthwestindiana.com\/reviews\/#breadcrumb","itemListElement":[{"@type":"ListItem","position":1,"name":"Home","item":"https:\/\/www.911restorationnorthwestindiana.com\/"},{"@type":"ListItem","position":2,"name":"Reviews"}]},{"@type":"WebSite","@id":"https:\/\/www.911restorationnorthwestindiana.com\/#website","url":"https:\/\/www.911restorationnorthwestindiana.com\/","name":"Noroeste de Indiana","description":"(219) 255-4163","potentialAction":[{"@type":"SearchAction","target":{"@type":"EntryPoint","urlTemplate":"https:\/\/www.911restorationnorthwestindiana.com\/?s={search_term_string}"},"query-input":{"@type":"PropertyValueSpecification","valueRequired":true,"valueName":"search_term_string"}}],"inLanguage":"es"}]}},"_links":{"self":[{"href":"https:\/\/www.911restorationnorthwestindiana.com\/es\/wp-json\/wp\/v2\/pages\/15","targetHints":{"allow":["GET"]}}],"collection":[{"href":"https:\/\/www.911restorationnorthwestindiana.com\/es\/wp-json\/wp\/v2\/pages"}],"about":[{"href":"https:\/\/www.911restorationnorthwestindiana.com\/es\/wp-json\/wp\/v2\/types\/page"}],"author":[{"embeddable":true,"href":"https:\/\/www.911restorationnorthwestindiana.com\/es\/wp-json\/wp\/v2\/users\/2"}],"replies":[{"embeddable":true,"href":"https:\/\/www.911restorationnorthwestindiana.com\/es\/wp-json\/wp\/v2\/comments?post=15"}],"version-history":[{"count":2,"href":"https:\/\/www.911restorationnorthwestindiana.com\/es\/wp-json\/wp\/v2\/pages\/15\/revisions"}],"predecessor-version":[{"id":3857,"href":"https:\/\/www.911restorationnorthwestindiana.com\/es\/wp-json\/wp\/v2\/pages\/15\/revisions\/3857"}],"wp:featuredmedia":[{"embeddable":true,"href":"https:\/\/www.911restorationnorthwestindiana.com\/es\/wp-json\/wp\/v2\/media\/3229"}],"wp:attachment":[{"href":"https:\/\/www.911restorationnorthwestindiana.com\/es\/wp-json\/wp\/v2\/media?parent=15"}],"curies":[{"name":"wp","href":"https:\/\/api.w.org\/{rel}","templated":true}]}}